{"id":5017,"date":"2025-03-29T13:16:25","date_gmt":"2025-03-29T12:16:25","guid":{"rendered":"https:\/\/c-boutik-wp.projetfeudecamp.be\/actions\/rejoindre-dreamkitchen\/"},"modified":"2025-06-25T15:37:36","modified_gmt":"2025-06-25T13:37:36","slug":"rejoindre-dreamkitchen","status":"publish","type":"product","link":"https:\/\/boutik.cultureghem.be\/fr\/actions\/rejoindre-dreamkitchen\/","title":{"rendered":"Join DREAMKITCHEN"},"content":{"rendered":"<p><span style=\"font-weight: 400;\">Pr\u00eatez main-forte dans notre DREAMKITCHEN. Rejoignez-nous pour une exp\u00e9rience immersive dans notre cuisine ouverte ! Vous serez accueilli par nos b\u00e9n\u00e9voles pour une matin\u00e9e de cuisine, suivie d\u2019un repas partag\u00e9. Si le temps le permet, vous pourrez en apprendre davantage sur Cultureghem \u00e0 travers un quiz ludique !   <\/span><\/p>\n","protected":false},"excerpt":{"rendered":"<p>Pr\u00eatez main-forte dans notre DREAMKITCHEN. <span style=\"font-weight: 400;\">Rejoignez-nous pour une exp\u00e9rience immersive dans notre cuisine ouverte !<\/span>  <\/p>\n","protected":false},"featured_media":4655,"comment_status":"closed","ping_status":"closed","template":"","meta":{"_acf_changed":false,"inline_featured_image":false,"_kad_blocks_custom_css":"","_kad_blocks_head_custom_js":"","_kad_blocks_body_custom_js":"","_kad_blocks_footer_custom_js":"","booking_product_name":"","_kad_post_transparent":"default","_kad_post_title":"","_kad_post_layout":"default","_kad_post_sidebar_id":"","_kad_post_content_style":"default","_kad_post_vertical_padding":"default","_kad_post_feature":"","_kad_post_feature_position":"","_kad_post_header":false,"_kad_post_footer":false},"product_brand":[],"product_cat":[101,103,102,107],"product_tag":[],"activity_type":[158],"audience_type":[180,169],"location_type":[170],"class_list":{"0":"post-5017","1":"product","2":"type-product","3":"status-publish","4":"has-post-thumbnail","6":"product_cat-a-cultureghem","7":"product_cat-association","8":"product_cat-atelier-de-cuisine","9":"product_cat-lecole","10":"activity_type-atelier-de-cuisine","11":"audience_type-association","12":"audience_type-ecole","13":"location_type-a-cultureghem","15":"first","16":"instock","17":"sold-individually","18":"taxable","19":"shipping-taxable","20":"purchasable","21":"product-type-booking","22":"entry","23":"content-bg","24":"loop-entry"},"composite_virtual":false,"composite_layout":"","composite_add_to_cart_form_location":"","composite_editable_in_cart":false,"composite_sold_individually_context":"","composite_shop_price_calc":"","composite_components":[],"composite_scenarios":[],"exclude_global_add_ons":false,"addons":[{"name":"Niveau d'\u00e9ducation","type":"multiple_choice","position":0,"required":true,"title_format":"label","default":"","description_enable":false,"description":null,"placeholder_enable":false,"placeholder":null,"display":"select","restrictions_type":"any_text","adjust_price":false,"price":"","price_type":"flat_fee","restrictions":false,"min":"0","max":"0","options":[{"label":"\u00c9cole secondaire 1er degr\u00e9","price":"","price_type":"flat_fee","image":0,"visibility":true},{"label":"\u00c9cole secondaire 1er degr\u00e9 diff\u00e9renci\u00e9","price":"","price_type":"flat_fee","image":0,"visibility":true},{"label":"\u00c9cole secondaire DASPA","price":"","price_type":"flat_fee","image":0,"visibility":true},{"label":"\u00c9cole secondaire g\u00e9n\u00e9rale 2\u00e8me degr\u00e9","price":"","price_type":"flat_fee","image":0,"visibility":true},{"label":"\u00c9cole secondaire professionnel 2\u00e8me degr\u00e9","price":"","price_type":"flat_fee","image":0,"visibility":true},{"label":"\u00c9cole secondaire technique 2\u00e8me degr\u00e9","price":"","price_type":"flat_fee","image":0,"visibility":true},{"label":"\u00c9cole secondaire artistique 2\u00e8me degr\u00e9","price":"","price_type":"flat_fee","image":0,"visibility":true},{"label":"Enseignement sup\u00e9rieur \/ Universit\u00e9","price":"","price_type":"flat_fee","image":0,"visibility":true},{"label":"Autre","price":"","price_type":"flat_fee","image":0,"visibility":true}],"id":1747928857},{"name":"\u00c2ge","type":"multiple_choice","position":1,"required":true,"title_format":"label","default":"","description_enable":false,"description":null,"placeholder_enable":false,"placeholder":null,"display":"select","restrictions_type":"any_text","adjust_price":false,"price":"","price_type":"flat_fee","restrictions":false,"min":"0","max":"0","options":[{"label":"12-18","price":"","price_type":"flat_fee","image":0,"visibility":true},{"label":"18+","price":"","price_type":"flat_fee","image":0,"visibility":true}],"id":1747928858},{"name":"Langue","type":"multiple_choice","position":2,"required":true,"title_format":"label","default":"","description_enable":false,"description":null,"placeholder_enable":false,"placeholder":null,"display":"select","restrictions_type":"any_text","adjust_price":false,"price":"","price_type":"flat_fee","restrictions":false,"min":"0","max":"0","options":[{"label":"FR","price":"","price_type":"flat_fee","image":0,"visibility":true},{"label":"NL","price":"","price_type":"flat_fee","image":0,"visibility":true},{"label":"ANG","price":"","price_type":"flat_fee","image":0,"visibility":true},{"label":"Autre","price":"","price_type":"flat_fee","image":0,"visibility":true}],"id":1747928859},{"name":"R\u00e9gion (merci de s\u00e9lectionner la plus appropri\u00e9e)","type":"multiple_choice","position":3,"required":true,"title_format":"label","default":"","description_enable":false,"description":null,"placeholder_enable":false,"placeholder":null,"display":"select","restrictions_type":"any_text","adjust_price":false,"price":"","price_type":"flat_fee","restrictions":false,"min":"0","max":"0","options":[{"label":"Anderlecht","price":"","price_type":"flat_fee","image":0,"visibility":true},{"label":"Bruxelles","price":"","price_type":"flat_fee","image":0,"visibility":true},{"label":"Flandre","price":"","price_type":"flat_fee","image":0,"visibility":true},{"label":"Wallonie","price":"","price_type":"flat_fee","image":0,"visibility":true},{"label":"Belgique","price":"","price_type":"flat_fee","image":0,"visibility":true},{"label":"International","price":"","price_type":"flat_fee","image":0,"visibility":true}],"id":1747928860},{"name":"D\u00e9cris ton projet","type":"custom_textarea","position":4,"required":false,"title_format":"label","default":"","description_enable":false,"description":null,"placeholder_enable":false,"placeholder":null,"display":"select","restrictions_type":"any_text","adjust_price":false,"price":"","price_type":"flat_fee","restrictions":false,"min":"0","max":"0","options":[],"id":1749739665}],"mb":[],"acf":{"conditions_to_book":{"simple_value_formatted":"<p>\u2022 Pour les personnes \u00e2g\u00e9es de 12 ans et plus<br \/>\n\u2022 15 \u20ac par personne (hors TVA)<br \/>\n\u2022 Maximum 25 personnes<\/p>\n","value_formatted":"\u2022 Pour les personnes \u00e2g\u00e9es de 12 ans et plus\n\u2022 15 \u20ac par personne (hors TVA)\n\u2022 Maximum 25 personnes","value":"\u2022 Pour les personnes \u00e2g\u00e9es de 12 ans et plus\n\u2022 15 \u20ac par personne (hors TVA)\n\u2022 Maximum 25 personnes","field":{"ID":743,"key":"field_67a47f7f4189d","label":"Conditions et co\u00fbts","name":"conditions_to_book","aria-label":"","prefix":"acf","type":"textarea","value":null,"menu_order":0,"instructions":"","required":0,"id":"","class":"","conditional_logic":0,"parent":721,"wrapper":{"width":"20","class":"","id":""},"wpml_cf_preferences":2,"default_value":"","maxlength":"","allow_in_bindings":1,"rows":4,"placeholder":"","new_lines":"wpautop","_name":"conditions_to_book","_valid":1}},"faq":{"simple_value_formatted":"<p>\u2022 Mardi, mercredi et jeudi, de 9h30 \u00e0 13h30.<br \/>\n\u2022 La langue parl\u00e9e d\u00e9pend des b\u00e9n\u00e9voles pr\u00e9sents ce jour-l\u00e0. C'est principalement le fran\u00e7ais, mais de nombreuses autres langues peuvent \u00e9galement \u00eatre utilis\u00e9es.<br \/>\n\u2022 La r\u00e9servation doit \u00eatre effectu\u00e9e au moins 1 semaine \u00e0 l'avance<\/p>\n","value_formatted":"\u2022 Mardi, mercredi et jeudi, de 9h30 \u00e0 13h30.\n\u2022 La langue parl\u00e9e d\u00e9pend des b\u00e9n\u00e9voles pr\u00e9sents ce jour-l\u00e0. C'est principalement le fran\u00e7ais, mais de nombreuses autres langues peuvent \u00e9galement \u00eatre utilis\u00e9es. \n\u2022 La r\u00e9servation doit \u00eatre effectu\u00e9e au moins 1 semaine \u00e0 l'avance","value":"\u2022 Mardi, mercredi et jeudi, de 9h30 \u00e0 13h30.\n\u2022 La langue parl\u00e9e d\u00e9pend des b\u00e9n\u00e9voles pr\u00e9sents ce jour-l\u00e0. C'est principalement le fran\u00e7ais, mais de nombreuses autres langues peuvent \u00e9galement \u00eatre utilis\u00e9es. \n\u2022 La r\u00e9servation doit \u00eatre effectu\u00e9e au moins 1 semaine \u00e0 l'avance","field":{"ID":742,"key":"field_67a47f56414e8","label":"Informations utiles","name":"faq","aria-label":"","prefix":"acf","type":"textarea","value":null,"menu_order":1,"instructions":"","required":0,"id":"","class":"","conditional_logic":0,"parent":721,"wrapper":{"width":"20","class":"","id":""},"wpml_cf_preferences":2,"default_value":"","maxlength":"","allow_in_bindings":1,"rows":4,"placeholder":"","new_lines":"wpautop","_name":"faq","_valid":1}},"step_to_book":{"simple_value_formatted":"<p>1. Fais une demande de r\u00e9servation<br \/>\n2. Ta demande est examin\u00e9e par un membre de Cultureghem<br \/>\n3. En cas d\u2019approbation, nous t\u2019envoyons un devis<br \/>\n4. Une fois que tu l\u2019as sign\u00e9, ta r\u00e9servation est confirm\u00e9e !<br \/>\n5. Ton activit\u00e9 a lieu, profite bien !<br \/>\n6. Une fois ton activit\u00e9 termin\u00e9e, nous t\u2019envoyons la facture finale et tu pourras payer<\/p>\n","value_formatted":"1. Fais une demande de r\u00e9servation\n2. Ta demande est examin\u00e9e par un membre de Cultureghem\n3. En cas d\u2019approbation, nous t\u2019envoyons un devis\n4. Une fois que tu l\u2019as sign\u00e9, ta r\u00e9servation est confirm\u00e9e !\n5. Ton activit\u00e9 a lieu, profite bien !\n6. Une fois ton activit\u00e9 termin\u00e9e, nous t\u2019envoyons la facture finale et tu pourras payer","value":"1. Fais une demande de r\u00e9servation\n2. Ta demande est examin\u00e9e par un membre de Cultureghem\n3. En cas d\u2019approbation, nous t\u2019envoyons un devis\n4. Une fois que tu l\u2019as sign\u00e9, ta r\u00e9servation est confirm\u00e9e !\n5. Ton activit\u00e9 a lieu, profite bien !\n6. Une fois ton activit\u00e9 termin\u00e9e, nous t\u2019envoyons la facture finale et tu pourras payer","field":{"ID":746,"key":"field_67a4800f4b1d9","label":"Quelles sont les \u00e9tapes pour effectuer une r\u00e9servation","name":"step_to_book","aria-label":"","prefix":"acf","type":"textarea","value":null,"menu_order":2,"instructions":"","required":0,"id":"","class":"","conditional_logic":0,"parent":721,"wrapper":{"width":"20","class":"","id":""},"wpml_cf_preferences":2,"default_value":"","maxlength":"","allow_in_bindings":1,"rows":4,"placeholder":"","new_lines":"wpautop","_name":"step_to_book","_valid":1}},"Lien_vers_le_site_principal":{"simple_value_formatted":"https:\/\/cultureghem.be\/fr\/nos-actions\/food\/dreamkitchen\/","value_formatted":"https:\/\/cultureghem.be\/fr\/nos-actions\/food\/dreamkitchen\/","value":"https:\/\/cultureghem.be\/fr\/nos-actions\/food\/dreamkitchen\/","field":{"ID":722,"key":"field_67a4590c4c319","label":"Lien vers le site principal","name":"Lien_vers_le_site_principal","aria-label":"","prefix":"acf","type":"url","value":null,"menu_order":3,"instructions":"","required":0,"id":"","class":"","conditional_logic":0,"parent":721,"wrapper":{"width":"12","class":"","id":""},"wpml_cf_preferences":2,"default_value":"https:\/\/cultureghem.be\/","allow_in_bindings":1,"placeholder":"cultureghem.be","_name":"Lien_vers_le_site_principal","_valid":1}},"activity_name_used_in-house":{"simple_value_formatted":"DREAMKITCHEN","value_formatted":"DREAMKITCHEN","value":"DREAMKITCHEN","field":{"ID":3773,"key":"field_67e5b48c10e1b","label":"Nom de l'activit\u00e9 (utilis\u00e9 en interne)","name":"activity_name_used_in-house","aria-label":"","prefix":"acf","type":"text","value":null,"menu_order":4,"instructions":"","required":0,"id":"","class":"","conditional_logic":0,"parent":721,"wrapper":{"width":"","class":"","id":""},"wpml_cf_preferences":2,"default_value":"","maxlength":"","allow_in_bindings":0,"placeholder":"Kookmet, ketmet, dreamkitchen...","prepend":"","append":"","_name":"activity_name_used_in-house","_valid":1}},"formula_name_used_in-house":{"simple_value_formatted":"JOIN DREAMKITCHEN","value_formatted":"JOIN DREAMKITCHEN","value":"JOIN DREAMKITCHEN","field":{"ID":3774,"key":"field_67e5b4c810e1c","label":"Formule (nom utilis\u00e9 en interne)","name":"formula_name_used_in-house","aria-label":"","prefix":"acf","type":"text","value":null,"menu_order":5,"instructions":"","required":0,"id":"","class":"","conditional_logic":0,"parent":721,"wrapper":{"width":"","class":"","id":""},"wpml_cf_preferences":2,"default_value":"","maxlength":"","allow_in_bindings":0,"placeholder":"KOOKMET R\u00c9CUP\u00c9RATION, REJOIGNEZ DREAMKITCHEN...","prepend":"","append":"","_name":"formula_name_used_in-house","_valid":1}},"testimonials":{"simple_value_formatted":"<p>La nourriture sert \u00e0 cr\u00e9er des liens : tout le monde mange, c'est aussi simple que cela. Une initiative telle que KOOKMET ne se concentre pas sur les diff\u00e9rences, mais sur ce qui peut nous unir.<br \/>\n- Socius, mars 2020<\/p>\n","value_formatted":"La nourriture sert \u00e0 cr\u00e9er des liens : tout le monde mange, c'est aussi simple que cela. Une initiative telle que KOOKMET ne se concentre pas sur les diff\u00e9rences, mais sur ce qui peut nous unir. \n- Socius, mars 2020","value":"La nourriture sert \u00e0 cr\u00e9er des liens : tout le monde mange, c'est aussi simple que cela. Une initiative telle que KOOKMET ne se concentre pas sur les diff\u00e9rences, mais sur ce qui peut nous unir. \n- Socius, mars 2020","field":{"ID":4977,"key":"field_680f4129c2d56","label":"T\u00e9moignages n\u00b01","name":"testimonials","aria-label":"","prefix":"acf","type":"textarea","value":null,"menu_order":6,"instructions":"","required":0,"id":"","class":"","conditional_logic":0,"parent":721,"wrapper":{"width":"30","class":"","id":""},"wpml_cf_preferences":2,"default_value":"","maxlength":"","allow_in_bindings":1,"rows":"","placeholder":"","new_lines":"wpautop","_name":"testimonials","_valid":1}},"testimonials_2":{"simple_value_formatted":"<p>L'\u00e9quipe de Siemens revient sur son exp\u00e9rience apr\u00e8s son engagement : impressionnant - impressionn\u00e9 - significatif - surprenant - rencontre - durabilit\u00e9 - bonheur - d\u00e9couverte - convivialit\u00e9 - utilisation de l'espace.<br \/>\n- Siemens, 12 octobre 2023 <\/p>\n","value_formatted":"L'\u00e9quipe de Siemens revient sur son exp\u00e9rience apr\u00e8s son engagement : impressionnant - impressionn\u00e9 - significatif - surprenant - rencontre - durabilit\u00e9 - bonheur - d\u00e9couverte - convivialit\u00e9 - utilisation de l'espace.\n- Siemens, 12 octobre 2023 ","value":"L'\u00e9quipe de Siemens revient sur son exp\u00e9rience apr\u00e8s son engagement : impressionnant - impressionn\u00e9 - significatif - surprenant - rencontre - durabilit\u00e9 - bonheur - d\u00e9couverte - convivialit\u00e9 - utilisation de l'espace.\n- Siemens, 12 octobre 2023 ","field":{"ID":6056,"key":"field_682477ed672b7","label":"T\u00e9moignages n\u00b02","name":"testimonials_2","aria-label":"","prefix":"acf","type":"textarea","value":null,"menu_order":7,"instructions":"","required":0,"id":"","class":"","conditional_logic":0,"parent":721,"wrapper":{"width":"30","class":"","id":""},"wpml_cf_preferences":2,"default_value":"","maxlength":"","allow_in_bindings":1,"rows":"","placeholder":"","new_lines":"wpautop","_name":"testimonials_2","_valid":1}},"testimonials_3":{"simple_value_formatted":"<p>Nous vous remercions \u00e0 nouveau pour votre chaleureux accueil la semaine derni\u00e8re \u00e0 la Dreamkitchen ! Nous tenons \u00e9galement \u00e0 vous faire savoir \u00e0 quel point nous trouvons votre projet beau et int\u00e9ressant!<br \/>\n- Duo for a job, 22 avril 2025<\/p>\n","value_formatted":"Nous vous remercions \u00e0 nouveau pour votre chaleureux accueil la semaine derni\u00e8re \u00e0 la Dreamkitchen ! Nous tenons \u00e9galement \u00e0 vous faire savoir \u00e0 quel point nous trouvons votre projet beau et int\u00e9ressant! \n- Duo for a job, 22 avril 2025\n","value":"Nous vous remercions \u00e0 nouveau pour votre chaleureux accueil la semaine derni\u00e8re \u00e0 la Dreamkitchen ! Nous tenons \u00e9galement \u00e0 vous faire savoir \u00e0 quel point nous trouvons votre projet beau et int\u00e9ressant! \n- Duo for a job, 22 avril 2025\n","field":{"ID":6057,"key":"field_682477ec672b6","label":"T\u00e9moignages n\u00b03","name":"testimonials_3","aria-label":"","prefix":"acf","type":"textarea","value":null,"menu_order":8,"instructions":"","required":0,"id":"","class":"","conditional_logic":0,"parent":721,"wrapper":{"width":"30","class":"","id":""},"wpml_cf_preferences":2,"default_value":"","maxlength":"","allow_in_bindings":1,"rows":"","placeholder":"","new_lines":"wpautop","_name":"testimonials_3","_valid":1}}},"taxonomy_info":{"product_cat":[{"value":101,"label":"A Cultureghem"},{"value":103,"label":"Association"},{"value":102,"label":"Atelier de cuisine"},{"value":107,"label":"\u00c9cole"}],"activity_type":[{"value":158,"label":"Atelier de cuisine"}],"audience_type":[{"value":180,"label":"Association"},{"value":169,"label":"\u00c9cole"}],"location_type":[{"value":170,"label":"A Cultureghem"}]},"featured_image_src_large":["https:\/\/boutik.cultureghem.be\/wp-content\/uploads\/2025\/02\/2023-09-25T11_49_52ZIMG20230925101530-1-1-1024x768.jpg",1024,768,true],"author_info":[],"comment_info":0,"mfb_rest_fields":["title","composite_virtual","composite_layout","composite_add_to_cart_form_location","composite_editable_in_cart","composite_sold_individually_context","composite_shop_price_calc","composite_components","composite_scenarios","exclude_global_add_ons","addons","taxonomy_info","featured_image_src_large","author_info","comment_info"],"_links":{"self":[{"href":"https:\/\/boutik.cultureghem.be\/fr\/wp-json\/wp\/v2\/product\/5017","targetHints":{"allow":["GET"]}}],"collection":[{"href":"https:\/\/boutik.cultureghem.be\/fr\/wp-json\/wp\/v2\/product"}],"about":[{"href":"https:\/\/boutik.cultureghem.be\/fr\/wp-json\/wp\/v2\/types\/product"}],"replies":[{"embeddable":true,"href":"https:\/\/boutik.cultureghem.be\/fr\/wp-json\/wp\/v2\/comments?post=5017"}],"wp:featuredmedia":[{"embeddable":true,"href":"https:\/\/boutik.cultureghem.be\/fr\/wp-json\/wp\/v2\/media\/4655"}],"wp:attachment":[{"href":"https:\/\/boutik.cultureghem.be\/fr\/wp-json\/wp\/v2\/media?parent=5017"}],"wp:term":[{"taxonomy":"product_brand","embeddable":true,"href":"https:\/\/boutik.cultureghem.be\/fr\/wp-json\/wp\/v2\/product_brand?post=5017"},{"taxonomy":"product_cat","embeddable":true,"href":"https:\/\/boutik.cultureghem.be\/fr\/wp-json\/wp\/v2\/product_cat?post=5017"},{"taxonomy":"product_tag","embeddable":true,"href":"https:\/\/boutik.cultureghem.be\/fr\/wp-json\/wp\/v2\/product_tag?post=5017"},{"taxonomy":"activity_type","embeddable":true,"href":"https:\/\/boutik.cultureghem.be\/fr\/wp-json\/wp\/v2\/activity_type?post=5017"},{"taxonomy":"audience_type","embeddable":true,"href":"https:\/\/boutik.cultureghem.be\/fr\/wp-json\/wp\/v2\/audience_type?post=5017"},{"taxonomy":"location_type","embeddable":true,"href":"https:\/\/boutik.cultureghem.be\/fr\/wp-json\/wp\/v2\/location_type?post=5017"}],"curies":[{"name":"wp","href":"https:\/\/api.w.org\/{rel}","templated":true}]}}