{"id":5018,"date":"2025-02-20T10:33:23","date_gmt":"2025-02-20T09:33:23","guid":{"rendered":"https:\/\/c-boutik-wp.projetfeudecamp.be\/actions\/vadrouille-combo\/"},"modified":"2025-06-13T14:14:07","modified_gmt":"2025-06-13T12:14:07","slug":"vadrouille-combo","status":"publish","type":"product","link":"https:\/\/boutik.cultureghem.be\/fr\/actions\/vadrouille-combo\/","title":{"rendered":"VADROUILLE Combo"},"content":{"rendered":"<p>Nous vous aidons \u00e0 transformer votre \u00e9v\u00e9nement en un moment inoubliable. Parlez-nous-en en d\u00e9tail ainsi que de son ampleur, et nous vous proposerons une combinaison ludique d&rsquo;options de jeux et de restauration<b>, <\/b>en cons\u00e9quence ! <\/p>\n","protected":false},"excerpt":{"rendered":"<p>Nous vous aidons \u00e0 transformer votre \u00e9v\u00e9nement en un moment inoubliable.<\/p>\n","protected":false},"featured_media":4610,"comment_status":"closed","ping_status":"closed","template":"","meta":{"_acf_changed":false,"inline_featured_image":false,"_kad_blocks_custom_css":"","_kad_blocks_head_custom_js":"","_kad_blocks_body_custom_js":"","_kad_blocks_footer_custom_js":"","booking_product_name":"","_kad_post_transparent":"default","_kad_post_title":"","_kad_post_layout":"default","_kad_post_sidebar_id":"","_kad_post_content_style":"default","_kad_post_vertical_padding":"default","_kad_post_feature":"","_kad_post_feature_position":"","_kad_post_header":false,"_kad_post_footer":false},"product_brand":[],"product_cat":[114,122,119],"product_tag":[],"activity_type":[161],"audience_type":[187,180,169,175],"location_type":[176],"class_list":{"0":"post-5018","1":"product","2":"type-product","3":"status-publish","4":"has-post-thumbnail","6":"product_cat-ailleurs","7":"product_cat-active-ton-espace","8":"product_cat-tout-le-monde","9":"activity_type-active-ton-espace","10":"audience_type-artiste","11":"audience_type-association","12":"audience_type-ecole","13":"audience_type-tout-le-monde","14":"location_type-ailleurs","16":"first","17":"instock","18":"sold-individually","19":"taxable","20":"shipping-taxable","21":"purchasable","22":"product-type-booking","23":"entry","24":"content-bg","25":"loop-entry"},"composite_virtual":false,"composite_layout":"","composite_add_to_cart_form_location":"","composite_editable_in_cart":false,"composite_sold_individually_context":"","composite_shop_price_calc":"","composite_components":[],"composite_scenarios":[],"exclude_global_add_ons":false,"addons":[{"name":"Heure","type":"heading","position":0,"required":false,"title_format":"label","default":"","description_enable":true,"description":"Les horaires s\u00e9lectionn\u00e9s sont donn\u00e9s \u00e0 titre indicatif. Nous vous prions de bien vouloir d\u00e9crire votre \u00e9v\u00e9nement dans l'encadr\u00e9 situ\u00e9 au bas de cette page. ","placeholder_enable":false,"placeholder":"","display":"select","restrictions_type":"any_text","adjust_price":false,"price":"","price_type":"flat_fee","restrictions":false,"min":"0","max":"0","options":[],"id":1749135450},{"name":"D\u00e9cris ton projet","type":"custom_textarea","position":1,"required":false,"title_format":"label","default":"","description_enable":false,"description":"","placeholder_enable":false,"placeholder":"","display":"select","restrictions_type":"any_text","adjust_price":false,"price":"","price_type":"flat_fee","restrictions":false,"min":"0","max":"0","options":[],"id":1749740194}],"mb":[],"acf":{"conditions_to_book":{"simple_value_formatted":"<p>\u2022 \u00c0 discuter en fonction de votre demande. Pour une journ\u00e9e d'animation, combinant nourriture et jeux, les co\u00fbts se situeront entre 500 et 1.000 euros. (...)<br \/>\n\u2022 Votre \u00e9v\u00e9nement doit \u00eatre accessible \u00e0 tous. Nous n'animons pas d'\u00e9v\u00e9nements priv\u00e9s.   <\/p>\n","value_formatted":"\u2022 \u00c0 discuter en fonction de votre demande. Pour une journ\u00e9e d'animation, combinant nourriture et jeux, les co\u00fbts se situeront entre 500 et 1.000 euros. (...) \r\n\u2022 Votre \u00e9v\u00e9nement doit \u00eatre accessible \u00e0 tous. Nous n'animons pas d'\u00e9v\u00e9nements priv\u00e9s.   \r\n","value":"\u2022 \u00c0 discuter en fonction de votre demande. Pour une journ\u00e9e d'animation, combinant nourriture et jeux, les co\u00fbts se situeront entre 500 et 1.000 euros. (...) \r\n\u2022 Votre \u00e9v\u00e9nement doit \u00eatre accessible \u00e0 tous. Nous n'animons pas d'\u00e9v\u00e9nements priv\u00e9s.   \r\n","field":{"ID":743,"key":"field_67a47f7f4189d","label":"Conditions et co\u00fbts","name":"conditions_to_book","aria-label":"","prefix":"acf","type":"textarea","value":null,"menu_order":0,"instructions":"","required":0,"id":"","class":"","conditional_logic":0,"parent":721,"wrapper":{"width":"20","class":"","id":""},"wpml_cf_preferences":2,"default_value":"","maxlength":"","allow_in_bindings":1,"rows":4,"placeholder":"","new_lines":"wpautop","_name":"conditions_to_book","_valid":1}},"faq":{"simple_value_formatted":"<p>\u2022 Livr\u00e9 et anim\u00e9 par notre \u00e9quipe et\/ou nos b\u00e9n\u00e9voles<br \/>\n\u2022 Doit \u00eatre r\u00e9serv\u00e9 2 semaines \u00e0 l'avance<\/p>\n","value_formatted":"\u2022 Livr\u00e9 et anim\u00e9 par notre \u00e9quipe et\/ou nos b\u00e9n\u00e9voles\r\n\u2022 Doit \u00eatre r\u00e9serv\u00e9 2 semaines \u00e0 l'avance\r\n","value":"\u2022 Livr\u00e9 et anim\u00e9 par notre \u00e9quipe et\/ou nos b\u00e9n\u00e9voles\r\n\u2022 Doit \u00eatre r\u00e9serv\u00e9 2 semaines \u00e0 l'avance\r\n","field":{"ID":742,"key":"field_67a47f56414e8","label":"Informations utiles","name":"faq","aria-label":"","prefix":"acf","type":"textarea","value":null,"menu_order":1,"instructions":"","required":0,"id":"","class":"","conditional_logic":0,"parent":721,"wrapper":{"width":"20","class":"","id":""},"wpml_cf_preferences":2,"default_value":"","maxlength":"","allow_in_bindings":1,"rows":4,"placeholder":"","new_lines":"wpautop","_name":"faq","_valid":1}},"step_to_book":{"simple_value_formatted":"<p>1. Fait une demande de r\u00e9servation<br \/>\n2. Ta demande est examin\u00e9e par un membre de Cultureghem<br \/>\n3. En cas d'approbation, nous t'envoyons un devis<br \/>\n4. Une fois que tu l'as sign\u00e9, ta r\u00e9servation est confirm\u00e9e !<br \/>\n5. Ton activit\u00e9 se d\u00e9roule \u2014 profite-en !<br \/>\n6. \u00c0 l'issue de ton activit\u00e9, nous t'envoyons la facture finale que tu peux payer<\/p>\n","value_formatted":"1. Fait une demande de r\u00e9servation\r\n2. Ta demande est examin\u00e9e par un membre de Cultureghem\r\n3. En cas d'approbation, nous t'envoyons un devis\r\n4. Une fois que tu l'as sign\u00e9, ta r\u00e9servation est confirm\u00e9e !\r\n5. Ton activit\u00e9 se d\u00e9roule \u2014 profite-en !\r\n6. \u00c0 l'issue de ton activit\u00e9, nous t'envoyons la facture finale que tu peux payer","value":"1. Fait une demande de r\u00e9servation\r\n2. Ta demande est examin\u00e9e par un membre de Cultureghem\r\n3. En cas d'approbation, nous t'envoyons un devis\r\n4. Une fois que tu l'as sign\u00e9, ta r\u00e9servation est confirm\u00e9e !\r\n5. Ton activit\u00e9 se d\u00e9roule \u2014 profite-en !\r\n6. \u00c0 l'issue de ton activit\u00e9, nous t'envoyons la facture finale que tu peux payer","field":{"ID":746,"key":"field_67a4800f4b1d9","label":"Quelles sont les \u00e9tapes pour effectuer une r\u00e9servation","name":"step_to_book","aria-label":"","prefix":"acf","type":"textarea","value":null,"menu_order":2,"instructions":"","required":0,"id":"","class":"","conditional_logic":0,"parent":721,"wrapper":{"width":"20","class":"","id":""},"wpml_cf_preferences":2,"default_value":"","maxlength":"","allow_in_bindings":1,"rows":4,"placeholder":"","new_lines":"wpautop","_name":"step_to_book","_valid":1}},"Lien_vers_le_site_principal":{"simple_value_formatted":"https:\/\/cultureghem.be\/nl\/aanbod\/space\/vadrouille\/","value_formatted":"https:\/\/cultureghem.be\/nl\/aanbod\/space\/vadrouille\/","value":"https:\/\/cultureghem.be\/nl\/aanbod\/space\/vadrouille\/","field":{"ID":722,"key":"field_67a4590c4c319","label":"Lien vers le site principal","name":"Lien_vers_le_site_principal","aria-label":"","prefix":"acf","type":"url","value":null,"menu_order":3,"instructions":"","required":0,"id":"","class":"","conditional_logic":0,"parent":721,"wrapper":{"width":"12","class":"","id":""},"wpml_cf_preferences":2,"default_value":"https:\/\/cultureghem.be\/","allow_in_bindings":1,"placeholder":"cultureghem.be","_name":"Lien_vers_le_site_principal","_valid":1}},"activity_name_used_in-house":{"simple_value_formatted":"Vadrouille","value_formatted":"Vadrouille","value":"Vadrouille","field":{"ID":3773,"key":"field_67e5b48c10e1b","label":"Nom de l'activit\u00e9 (utilis\u00e9 en interne)","name":"activity_name_used_in-house","aria-label":"","prefix":"acf","type":"text","value":null,"menu_order":4,"instructions":"","required":0,"id":"","class":"","conditional_logic":0,"parent":721,"wrapper":{"width":"","class":"","id":""},"wpml_cf_preferences":2,"default_value":"","maxlength":"","allow_in_bindings":0,"placeholder":"Kookmet, ketmet, dreamkitchen...","prepend":"","append":"","_name":"activity_name_used_in-house","_valid":1}},"formula_name_used_in-house":{"simple_value_formatted":"Vadrouille Combo","value_formatted":"Vadrouille Combo","value":"Vadrouille Combo","field":{"ID":3774,"key":"field_67e5b4c810e1c","label":"Formule (nom utilis\u00e9 en interne)","name":"formula_name_used_in-house","aria-label":"","prefix":"acf","type":"text","value":null,"menu_order":5,"instructions":"","required":0,"id":"","class":"","conditional_logic":0,"parent":721,"wrapper":{"width":"","class":"","id":""},"wpml_cf_preferences":2,"default_value":"","maxlength":"","allow_in_bindings":0,"placeholder":"KOOKMET R\u00c9CUP\u00c9RATION, REJOIGNEZ DREAMKITCHEN...","prepend":"","append":"","_name":"formula_name_used_in-house","_valid":1}},"testimonials":{"simple_value_formatted":"<p>\"Gr\u00e2ce \u00e0 l'expertise et \u00e0 l'enthousiasme de Cultureghem, leurs cuisines mobiles parviennent \u00e0 rapprocher diff\u00e9rents groupes, allant du commerce local \u00e0 la gouvernance et aux r\u00e9sidents, en mettant fortement l'accent sur l'inclusivit\u00e9. Pour notre recherche participative, ce fut un \u00e9norme enrichissement de travailler avec Cultureghem et leurs outils mobiles dans les espaces publics. \"<br \/>\n- Lotte Luykx, chercheuse en doctorat \u00e0 Mobilise, Vrije Universiteit Brussel<\/p>\n","value_formatted":"\"Gr\u00e2ce \u00e0 l'expertise et \u00e0 l'enthousiasme de Cultureghem, leurs cuisines mobiles parviennent \u00e0 rapprocher diff\u00e9rents groupes, allant du commerce local \u00e0 la gouvernance et aux r\u00e9sidents, en mettant fortement l'accent sur l'inclusivit\u00e9. Pour notre recherche participative, ce fut un \u00e9norme enrichissement de travailler avec Cultureghem et leurs outils mobiles dans les espaces publics. \"\r\n- Lotte Luykx, chercheuse en doctorat \u00e0 Mobilise, Vrije Universiteit Brussel","value":"\"Gr\u00e2ce \u00e0 l'expertise et \u00e0 l'enthousiasme de Cultureghem, leurs cuisines mobiles parviennent \u00e0 rapprocher diff\u00e9rents groupes, allant du commerce local \u00e0 la gouvernance et aux r\u00e9sidents, en mettant fortement l'accent sur l'inclusivit\u00e9. Pour notre recherche participative, ce fut un \u00e9norme enrichissement de travailler avec Cultureghem et leurs outils mobiles dans les espaces publics. \"\r\n- Lotte Luykx, chercheuse en doctorat \u00e0 Mobilise, Vrije Universiteit Brussel","field":{"ID":4977,"key":"field_680f4129c2d56","label":"T\u00e9moignages n\u00b01","name":"testimonials","aria-label":"","prefix":"acf","type":"textarea","value":null,"menu_order":6,"instructions":"","required":0,"id":"","class":"","conditional_logic":0,"parent":721,"wrapper":{"width":"30","class":"","id":""},"wpml_cf_preferences":2,"default_value":"","maxlength":"","allow_in_bindings":1,"rows":"","placeholder":"","new_lines":"wpautop","_name":"testimonials","_valid":1}},"testimonials_2":{"simple_value_formatted":"","value_formatted":"","value":"","field":{"ID":6056,"key":"field_682477ed672b7","label":"T\u00e9moignages n\u00b02","name":"testimonials_2","aria-label":"","prefix":"acf","type":"textarea","value":null,"menu_order":7,"instructions":"","required":0,"id":"","class":"","conditional_logic":0,"parent":721,"wrapper":{"width":"30","class":"","id":""},"wpml_cf_preferences":2,"default_value":"","maxlength":"","allow_in_bindings":1,"rows":"","placeholder":"","new_lines":"wpautop","_name":"testimonials_2","_valid":1}},"testimonials_3":{"simple_value_formatted":"","value_formatted":"","value":"","field":{"ID":6057,"key":"field_682477ec672b6","label":"T\u00e9moignages n\u00b03","name":"testimonials_3","aria-label":"","prefix":"acf","type":"textarea","value":null,"menu_order":8,"instructions":"","required":0,"id":"","class":"","conditional_logic":0,"parent":721,"wrapper":{"width":"30","class":"","id":""},"wpml_cf_preferences":2,"default_value":"","maxlength":"","allow_in_bindings":1,"rows":"","placeholder":"","new_lines":"wpautop","_name":"testimonials_3","_valid":1}}},"yoast_head":"<!-- This site is optimized with the Yoast SEO plugin v27.3 - https:\/\/yoast.com\/product\/yoast-seo-wordpress\/ -->\n<title>VADROUILLE Combo - BOUTIK by Cultureghem<\/title>\n<meta name=\"robots\" content=\"noindex, follow, max-snippet:-1, max-image-preview:large, max-video-preview:-1\" \/>\n<meta property=\"og:locale\" content=\"fr_FR\" \/>\n<meta property=\"og:type\" content=\"article\" \/>\n<meta property=\"og:title\" content=\"VADROUILLE Combo - BOUTIK by Cultureghem\" \/>\n<meta property=\"og:description\" content=\"Nous vous aidons \u00e0 transformer votre \u00e9v\u00e9nement en un moment inoubliable.\" \/>\n<meta property=\"og:url\" content=\"https:\/\/boutik.cultureghem.be\/fr\/actions\/vadrouille-combo\/\" \/>\n<meta property=\"og:site_name\" content=\"BOUTIK by Cultureghem\" \/>\n<meta property=\"article:publisher\" content=\"https:\/\/www.facebook.com\/cultureghem\/\" \/>\n<meta property=\"article:modified_time\" content=\"2025-06-13T12:14:07+00:00\" \/>\n<meta property=\"og:image\" content=\"https:\/\/boutik.cultureghem.be\/wp-content\/uploads\/2025\/03\/IMG_20210919_141059893_HDR-1.jpg\" \/>\n\t<meta property=\"og:image:width\" content=\"1062\" \/>\n\t<meta property=\"og:image:height\" content=\"797\" \/>\n\t<meta property=\"og:image:type\" content=\"image\/jpeg\" \/>\n<meta name=\"twitter:card\" content=\"summary_large_image\" \/>\n<script type=\"application\/ld+json\" class=\"yoast-schema-graph\">{\"@context\":\"https:\\\/\\\/schema.org\",\"@graph\":[{\"@type\":\"WebPage\",\"@id\":\"https:\\\/\\\/boutik.cultureghem.be\\\/fr\\\/actions\\\/vadrouille-combo\\\/\",\"url\":\"https:\\\/\\\/boutik.cultureghem.be\\\/fr\\\/actions\\\/vadrouille-combo\\\/\",\"name\":\"VADROUILLE Combo - BOUTIK by Cultureghem\",\"isPartOf\":{\"@id\":\"https:\\\/\\\/boutik.cultureghem.be\\\/#website\"},\"primaryImageOfPage\":{\"@id\":\"https:\\\/\\\/boutik.cultureghem.be\\\/fr\\\/actions\\\/vadrouille-combo\\\/#primaryimage\"},\"image\":{\"@id\":\"https:\\\/\\\/boutik.cultureghem.be\\\/fr\\\/actions\\\/vadrouille-combo\\\/#primaryimage\"},\"thumbnailUrl\":\"https:\\\/\\\/boutik.cultureghem.be\\\/wp-content\\\/uploads\\\/2025\\\/03\\\/IMG_20210919_141059893_HDR-1.jpg\",\"datePublished\":\"2025-02-20T09:33:23+00:00\",\"dateModified\":\"2025-06-13T12:14:07+00:00\",\"breadcrumb\":{\"@id\":\"https:\\\/\\\/boutik.cultureghem.be\\\/fr\\\/actions\\\/vadrouille-combo\\\/#breadcrumb\"},\"inLanguage\":\"fr-FR\",\"potentialAction\":[{\"@type\":\"ReadAction\",\"target\":[\"https:\\\/\\\/boutik.cultureghem.be\\\/fr\\\/actions\\\/vadrouille-combo\\\/\"]}]},{\"@type\":\"ImageObject\",\"inLanguage\":\"fr-FR\",\"@id\":\"https:\\\/\\\/boutik.cultureghem.be\\\/fr\\\/actions\\\/vadrouille-combo\\\/#primaryimage\",\"url\":\"https:\\\/\\\/boutik.cultureghem.be\\\/wp-content\\\/uploads\\\/2025\\\/03\\\/IMG_20210919_141059893_HDR-1.jpg\",\"contentUrl\":\"https:\\\/\\\/boutik.cultureghem.be\\\/wp-content\\\/uploads\\\/2025\\\/03\\\/IMG_20210919_141059893_HDR-1.jpg\",\"width\":1062,\"height\":797},{\"@type\":\"BreadcrumbList\",\"@id\":\"https:\\\/\\\/boutik.cultureghem.be\\\/fr\\\/actions\\\/vadrouille-combo\\\/#breadcrumb\",\"itemListElement\":[{\"@type\":\"ListItem\",\"position\":1,\"name\":\"Home\",\"item\":\"https:\\\/\\\/boutik.cultureghem.be\\\/fr\\\/boutique\\\/\"},{\"@type\":\"ListItem\",\"position\":2,\"name\":\"Catalogue\",\"item\":\"https:\\\/\\\/boutik.cultureghem.be\\\/fr\\\/catalogue\\\/\"},{\"@type\":\"ListItem\",\"position\":3,\"name\":\"VADROUILLE Combo\"}]},{\"@type\":\"WebSite\",\"@id\":\"https:\\\/\\\/boutik.cultureghem.be\\\/#website\",\"url\":\"https:\\\/\\\/boutik.cultureghem.be\\\/\",\"name\":\"BOUTIK by Cultureghem\",\"description\":\"Sharing our tools, resources, spaces and activities with everyone!\",\"publisher\":{\"@id\":\"https:\\\/\\\/boutik.cultureghem.be\\\/#organization\"},\"potentialAction\":[{\"@type\":\"SearchAction\",\"target\":{\"@type\":\"EntryPoint\",\"urlTemplate\":\"https:\\\/\\\/boutik.cultureghem.be\\\/?s={search_term_string}\"},\"query-input\":{\"@type\":\"PropertyValueSpecification\",\"valueRequired\":true,\"valueName\":\"search_term_string\"}}],\"inLanguage\":\"fr-FR\"},{\"@type\":\"Organization\",\"@id\":\"https:\\\/\\\/boutik.cultureghem.be\\\/#organization\",\"name\":\"BOUTIK by Cultureghem\",\"url\":\"https:\\\/\\\/boutik.cultureghem.be\\\/\",\"logo\":{\"@type\":\"ImageObject\",\"inLanguage\":\"fr-FR\",\"@id\":\"https:\\\/\\\/boutik.cultureghem.be\\\/#\\\/schema\\\/logo\\\/image\\\/\",\"url\":\"https:\\\/\\\/boutik.cultureghem.be\\\/wp-content\\\/uploads\\\/2025\\\/04\\\/logo-boutik-v3.svg\",\"contentUrl\":\"https:\\\/\\\/boutik.cultureghem.be\\\/wp-content\\\/uploads\\\/2025\\\/04\\\/logo-boutik-v3.svg\",\"caption\":\"BOUTIK by Cultureghem\"},\"image\":{\"@id\":\"https:\\\/\\\/boutik.cultureghem.be\\\/#\\\/schema\\\/logo\\\/image\\\/\"},\"sameAs\":[\"https:\\\/\\\/www.facebook.com\\\/cultureghem\\\/\",\"https:\\\/\\\/www.instagram.com\\\/cultureghem\\\/\",\"https:\\\/\\\/www.linkedin.com\\\/company\\\/cultureghem-vzw\\\/posts\\\/?feedView=all\"]}]}<\/script>\n<!-- \/ Yoast SEO plugin. -->","yoast_head_json":{"title":"VADROUILLE Combo - BOUTIK by Cultureghem","robots":{"index":"noindex","follow":"follow","max-snippet":"max-snippet:-1","max-image-preview":"max-image-preview:large","max-video-preview":"max-video-preview:-1"},"og_locale":"fr_FR","og_type":"article","og_title":"VADROUILLE Combo - BOUTIK by Cultureghem","og_description":"Nous vous aidons \u00e0 transformer votre \u00e9v\u00e9nement en un moment inoubliable.","og_url":"https:\/\/boutik.cultureghem.be\/fr\/actions\/vadrouille-combo\/","og_site_name":"BOUTIK by Cultureghem","article_publisher":"https:\/\/www.facebook.com\/cultureghem\/","article_modified_time":"2025-06-13T12:14:07+00:00","og_image":[{"width":1062,"height":797,"url":"https:\/\/boutik.cultureghem.be\/wp-content\/uploads\/2025\/03\/IMG_20210919_141059893_HDR-1.jpg","type":"image\/jpeg"}],"twitter_card":"summary_large_image","schema":{"@context":"https:\/\/schema.org","@graph":[{"@type":"WebPage","@id":"https:\/\/boutik.cultureghem.be\/fr\/actions\/vadrouille-combo\/","url":"https:\/\/boutik.cultureghem.be\/fr\/actions\/vadrouille-combo\/","name":"VADROUILLE Combo - BOUTIK by Cultureghem","isPartOf":{"@id":"https:\/\/boutik.cultureghem.be\/#website"},"primaryImageOfPage":{"@id":"https:\/\/boutik.cultureghem.be\/fr\/actions\/vadrouille-combo\/#primaryimage"},"image":{"@id":"https:\/\/boutik.cultureghem.be\/fr\/actions\/vadrouille-combo\/#primaryimage"},"thumbnailUrl":"https:\/\/boutik.cultureghem.be\/wp-content\/uploads\/2025\/03\/IMG_20210919_141059893_HDR-1.jpg","datePublished":"2025-02-20T09:33:23+00:00","dateModified":"2025-06-13T12:14:07+00:00","breadcrumb":{"@id":"https:\/\/boutik.cultureghem.be\/fr\/actions\/vadrouille-combo\/#breadcrumb"},"inLanguage":"fr-FR","potentialAction":[{"@type":"ReadAction","target":["https:\/\/boutik.cultureghem.be\/fr\/actions\/vadrouille-combo\/"]}]},{"@type":"ImageObject","inLanguage":"fr-FR","@id":"https:\/\/boutik.cultureghem.be\/fr\/actions\/vadrouille-combo\/#primaryimage","url":"https:\/\/boutik.cultureghem.be\/wp-content\/uploads\/2025\/03\/IMG_20210919_141059893_HDR-1.jpg","contentUrl":"https:\/\/boutik.cultureghem.be\/wp-content\/uploads\/2025\/03\/IMG_20210919_141059893_HDR-1.jpg","width":1062,"height":797},{"@type":"BreadcrumbList","@id":"https:\/\/boutik.cultureghem.be\/fr\/actions\/vadrouille-combo\/#breadcrumb","itemListElement":[{"@type":"ListItem","position":1,"name":"Home","item":"https:\/\/boutik.cultureghem.be\/fr\/boutique\/"},{"@type":"ListItem","position":2,"name":"Catalogue","item":"https:\/\/boutik.cultureghem.be\/fr\/catalogue\/"},{"@type":"ListItem","position":3,"name":"VADROUILLE Combo"}]},{"@type":"WebSite","@id":"https:\/\/boutik.cultureghem.be\/#website","url":"https:\/\/boutik.cultureghem.be\/","name":"BOUTIK by Cultureghem","description":"Sharing our tools, resources, spaces and activities with everyone!","publisher":{"@id":"https:\/\/boutik.cultureghem.be\/#organization"},"potentialAction":[{"@type":"SearchAction","target":{"@type":"EntryPoint","urlTemplate":"https:\/\/boutik.cultureghem.be\/?s={search_term_string}"},"query-input":{"@type":"PropertyValueSpecification","valueRequired":true,"valueName":"search_term_string"}}],"inLanguage":"fr-FR"},{"@type":"Organization","@id":"https:\/\/boutik.cultureghem.be\/#organization","name":"BOUTIK by Cultureghem","url":"https:\/\/boutik.cultureghem.be\/","logo":{"@type":"ImageObject","inLanguage":"fr-FR","@id":"https:\/\/boutik.cultureghem.be\/#\/schema\/logo\/image\/","url":"https:\/\/boutik.cultureghem.be\/wp-content\/uploads\/2025\/04\/logo-boutik-v3.svg","contentUrl":"https:\/\/boutik.cultureghem.be\/wp-content\/uploads\/2025\/04\/logo-boutik-v3.svg","caption":"BOUTIK by Cultureghem"},"image":{"@id":"https:\/\/boutik.cultureghem.be\/#\/schema\/logo\/image\/"},"sameAs":["https:\/\/www.facebook.com\/cultureghem\/","https:\/\/www.instagram.com\/cultureghem\/","https:\/\/www.linkedin.com\/company\/cultureghem-vzw\/posts\/?feedView=all"]}]}},"taxonomy_info":{"product_cat":[{"value":114,"label":"Ailleurs"},{"value":122,"label":"Animer ton espace"},{"value":119,"label":"Tout le monde"}],"activity_type":[{"value":161,"label":"Active ton espace"}],"audience_type":[{"value":187,"label":"Artiste"},{"value":180,"label":"Association"},{"value":169,"label":"\u00c9cole"},{"value":175,"label":"Tout le monde"}],"location_type":[{"value":176,"label":"Ailleurs"}]},"featured_image_src_large":["https:\/\/boutik.cultureghem.be\/wp-content\/uploads\/2025\/03\/IMG_20210919_141059893_HDR-1-1024x768.jpg",1024,768,true],"author_info":[],"comment_info":0,"mfb_rest_fields":["title","composite_virtual","composite_layout","composite_add_to_cart_form_location","composite_editable_in_cart","composite_sold_individually_context","composite_shop_price_calc","composite_components","composite_scenarios","exclude_global_add_ons","addons","yoast_head","yoast_head_json","taxonomy_info","featured_image_src_large","author_info","comment_info"],"_links":{"self":[{"href":"https:\/\/boutik.cultureghem.be\/fr\/wp-json\/wp\/v2\/product\/5018","targetHints":{"allow":["GET"]}}],"collection":[{"href":"https:\/\/boutik.cultureghem.be\/fr\/wp-json\/wp\/v2\/product"}],"about":[{"href":"https:\/\/boutik.cultureghem.be\/fr\/wp-json\/wp\/v2\/types\/product"}],"replies":[{"embeddable":true,"href":"https:\/\/boutik.cultureghem.be\/fr\/wp-json\/wp\/v2\/comments?post=5018"}],"wp:featuredmedia":[{"embeddable":true,"href":"https:\/\/boutik.cultureghem.be\/fr\/wp-json\/wp\/v2\/media\/4610"}],"wp:attachment":[{"href":"https:\/\/boutik.cultureghem.be\/fr\/wp-json\/wp\/v2\/media?parent=5018"}],"wp:term":[{"taxonomy":"product_brand","embeddable":true,"href":"https:\/\/boutik.cultureghem.be\/fr\/wp-json\/wp\/v2\/product_brand?post=5018"},{"taxonomy":"product_cat","embeddable":true,"href":"https:\/\/boutik.cultureghem.be\/fr\/wp-json\/wp\/v2\/product_cat?post=5018"},{"taxonomy":"product_tag","embeddable":true,"href":"https:\/\/boutik.cultureghem.be\/fr\/wp-json\/wp\/v2\/product_tag?post=5018"},{"taxonomy":"activity_type","embeddable":true,"href":"https:\/\/boutik.cultureghem.be\/fr\/wp-json\/wp\/v2\/activity_type?post=5018"},{"taxonomy":"audience_type","embeddable":true,"href":"https:\/\/boutik.cultureghem.be\/fr\/wp-json\/wp\/v2\/audience_type?post=5018"},{"taxonomy":"location_type","embeddable":true,"href":"https:\/\/boutik.cultureghem.be\/fr\/wp-json\/wp\/v2\/location_type?post=5018"}],"curies":[{"name":"wp","href":"https:\/\/api.w.org\/{rel}","templated":true}]}}