{"id":5119,"date":"2025-02-06T10:46:55","date_gmt":"2025-02-06T09:46:55","guid":{"rendered":"https:\/\/c-boutik-wp.projetfeudecamp.be\/actions\/dejeuner-de-cuisine-de-reve\/"},"modified":"2025-06-25T16:32:24","modified_gmt":"2025-06-25T14:32:24","slug":"dejeuner-de-cuisine-de-reve","status":"publish","type":"product","link":"https:\/\/boutik.cultureghem.be\/fr\/actions\/dejeuner-de-cuisine-de-reve\/","title":{"rendered":"DREAMKITCHEN Lunch"},"content":{"rendered":"<p><span style=\"font-weight: 400;\">Le restaurant solidaire et participatif. Une cuisine d\u00e9licieuse, saine et v\u00e9g\u00e9tarienne pour tous et toutes, pr\u00e9par\u00e9e dans notre cuisine ouverte. R\u00e9serve ton assiette ici \u00e0 un prix fixe. Si tu pr\u00e9f\u00e8res, tu peux \u00e9galement tenter ta chance sur place en faisant un don libre.   <\/span><\/p>\n","protected":false},"excerpt":{"rendered":"<p><span style=\"font-weight: 400;\">Le restaurant solidaire et participatif. Une cuisine d\u00e9licieuse, saine et v\u00e9g\u00e9tarienne pour tous et toutes, pr\u00e9par\u00e9e dans notre cuisine ouverte. <\/span><\/p>\n","protected":false},"featured_media":4754,"comment_status":"closed","ping_status":"closed","template":"","meta":{"_acf_changed":false,"inline_featured_image":false,"_kad_blocks_custom_css":"","_kad_blocks_head_custom_js":"","_kad_blocks_body_custom_js":"","_kad_blocks_footer_custom_js":"","booking_product_name":"","_kad_post_transparent":"default","_kad_post_title":"","_kad_post_layout":"default","_kad_post_sidebar_id":"","_kad_post_content_style":"default","_kad_post_vertical_padding":"default","_kad_post_feature":"","_kad_post_feature_position":"","_kad_post_header":false,"_kad_post_footer":false},"product_brand":[],"product_cat":[101,131,119],"product_tag":[],"activity_type":[143],"audience_type":[187,180,169,181,175],"location_type":[170],"class_list":{"0":"post-5119","1":"product","2":"type-product","3":"status-publish","4":"has-post-thumbnail","6":"product_cat-a-cultureghem","7":"product_cat-dejeuner","8":"product_cat-tout-le-monde","9":"activity_type-lunch","10":"audience_type-artiste","11":"audience_type-association","12":"audience_type-ecole","13":"audience_type-entreprise","14":"audience_type-tout-le-monde","15":"location_type-a-cultureghem","17":"first","18":"instock","19":"sold-individually","20":"taxable","21":"shipping-taxable","22":"purchasable","23":"product-type-booking","24":"entry","25":"content-bg","26":"loop-entry"},"composite_virtual":false,"composite_layout":"","composite_add_to_cart_form_location":"","composite_editable_in_cart":false,"composite_sold_individually_context":"","composite_shop_price_calc":"","composite_components":[],"composite_scenarios":[],"exclude_global_add_ons":false,"addons":[{"name":"\u00c0 quelle heure souhaitez-vous venir ?","type":"multiple_choice","position":0,"required":true,"title_format":"label","default":"","description_enable":false,"description":null,"placeholder_enable":false,"placeholder":null,"display":"select","restrictions_type":"any_text","adjust_price":false,"price":"","price_type":"flat_fee","restrictions":false,"min":"0","max":"0","options":[{"label":"12:00","price":"","price_type":"flat_fee","image":0,"visibility":true},{"label":"12:30","price":"","price_type":"flat_fee","image":0,"visibility":true},{"label":"13:00","price":"","price_type":"flat_fee","image":0,"visibility":true}],"id":1750168521},{"name":"D\u00e9cris ton projet","type":"custom_textarea","position":1,"required":false,"title_format":"label","default":"","description_enable":false,"description":null,"placeholder_enable":false,"placeholder":null,"display":"select","restrictions_type":"any_text","adjust_price":false,"price":"","price_type":"flat_fee","restrictions":false,"min":"0","max":"0","options":[],"id":1749741353}],"mb":[],"acf":{"conditions_to_book":{"simple_value_formatted":"<p>Il n\u2019y a pas de conditions pour r\u00e9server un lunch. Nous accueillons tout le monde. Si vous \u00eates plus nombreux que le nombre de places disponibles ou si vous \u00eates un grand groupe, merci de nous contacter directement.  <\/p>\n","value_formatted":"Il n\u2019y a pas de conditions pour r\u00e9server un lunch. Nous accueillons tout le monde. Si vous \u00eates plus nombreux que le nombre de places disponibles ou si vous \u00eates un grand groupe, merci de nous contacter directement.  ","value":"Il n\u2019y a pas de conditions pour r\u00e9server un lunch. Nous accueillons tout le monde. Si vous \u00eates plus nombreux que le nombre de places disponibles ou si vous \u00eates un grand groupe, merci de nous contacter directement.  ","field":{"ID":743,"key":"field_67a47f7f4189d","label":"Conditions et co\u00fbts","name":"conditions_to_book","aria-label":"","prefix":"acf","type":"textarea","value":null,"menu_order":0,"instructions":"","required":0,"id":"","class":"","conditional_logic":0,"parent":721,"wrapper":{"width":"20","class":"","id":""},"wpml_cf_preferences":2,"default_value":"","maxlength":"","allow_in_bindings":1,"rows":4,"placeholder":"","new_lines":"wpautop","_name":"conditions_to_book","_valid":1}},"faq":{"simple_value_formatted":"<p>\u2022 Du lundi au jeudi \u00e0 midi.<br \/>\n\u2022 Lunch en plein air, espace couvert. S\u2019habiller en cons\u00e9quence<br \/>\n\u2022 Prix : 14 \u20ac\/personne (12 % de TVA inclus)<br \/>\n\u2022 Annulation : 24 heures \u00e0 l\u2019avance. <\/p>\n","value_formatted":"\u2022 Du lundi au jeudi \u00e0 midi.\n\u2022 Lunch en plein air, espace couvert. S\u2019habiller en cons\u00e9quence\n\u2022 Prix : 14 \u20ac\/personne (12 % de TVA inclus)\n\u2022 Annulation : 24 heures \u00e0 l\u2019avance. ","value":"\u2022 Du lundi au jeudi \u00e0 midi.\n\u2022 Lunch en plein air, espace couvert. S\u2019habiller en cons\u00e9quence\n\u2022 Prix : 14 \u20ac\/personne (12 % de TVA inclus)\n\u2022 Annulation : 24 heures \u00e0 l\u2019avance. ","field":{"ID":742,"key":"field_67a47f56414e8","label":"Informations utiles","name":"faq","aria-label":"","prefix":"acf","type":"textarea","value":null,"menu_order":1,"instructions":"","required":0,"id":"","class":"","conditional_logic":0,"parent":721,"wrapper":{"width":"20","class":"","id":""},"wpml_cf_preferences":2,"default_value":"","maxlength":"","allow_in_bindings":1,"rows":4,"placeholder":"","new_lines":"wpautop","_name":"faq","_valid":1}},"step_to_book":{"simple_value_formatted":"<p>Il s\u2019agit d\u2019une r\u00e9servation directe. Nous nous r\u00e9jouissons de vous accueillir dans notre DREAMKITCHEN. <\/p>\n","value_formatted":"Il s\u2019agit d\u2019une r\u00e9servation directe. Nous nous r\u00e9jouissons de vous accueillir dans notre DREAMKITCHEN. ","value":"Il s\u2019agit d\u2019une r\u00e9servation directe. Nous nous r\u00e9jouissons de vous accueillir dans notre DREAMKITCHEN. ","field":{"ID":746,"key":"field_67a4800f4b1d9","label":"Quelles sont les \u00e9tapes pour effectuer une r\u00e9servation","name":"step_to_book","aria-label":"","prefix":"acf","type":"textarea","value":null,"menu_order":2,"instructions":"","required":0,"id":"","class":"","conditional_logic":0,"parent":721,"wrapper":{"width":"20","class":"","id":""},"wpml_cf_preferences":2,"default_value":"","maxlength":"","allow_in_bindings":1,"rows":4,"placeholder":"","new_lines":"wpautop","_name":"step_to_book","_valid":1}},"Lien_vers_le_site_principal":{"simple_value_formatted":"https:\/\/cultureghem.be\/fr\/nos-actions\/food\/dreamkitchen\/","value_formatted":"https:\/\/cultureghem.be\/fr\/nos-actions\/food\/dreamkitchen\/","value":"https:\/\/cultureghem.be\/fr\/nos-actions\/food\/dreamkitchen\/","field":{"ID":722,"key":"field_67a4590c4c319","label":"Lien vers le site principal","name":"Lien_vers_le_site_principal","aria-label":"","prefix":"acf","type":"url","value":null,"menu_order":3,"instructions":"","required":0,"id":"","class":"","conditional_logic":0,"parent":721,"wrapper":{"width":"12","class":"","id":""},"wpml_cf_preferences":2,"default_value":"https:\/\/cultureghem.be\/","allow_in_bindings":1,"placeholder":"cultureghem.be","_name":"Lien_vers_le_site_principal","_valid":1}},"activity_name_used_in-house":{"simple_value_formatted":"Dreamkitchen lunch","value_formatted":"Dreamkitchen lunch","value":"Dreamkitchen lunch","field":{"ID":3773,"key":"field_67e5b48c10e1b","label":"Nom de l'activit\u00e9 (utilis\u00e9 en interne)","name":"activity_name_used_in-house","aria-label":"","prefix":"acf","type":"text","value":null,"menu_order":4,"instructions":"","required":0,"id":"","class":"","conditional_logic":0,"parent":721,"wrapper":{"width":"","class":"","id":""},"wpml_cf_preferences":2,"default_value":"","maxlength":"","allow_in_bindings":0,"placeholder":"Kookmet, ketmet, dreamkitchen...","prepend":"","append":"","_name":"activity_name_used_in-house","_valid":1}},"formula_name_used_in-house":{"simple_value_formatted":"Dreamkitchen lunch","value_formatted":"Dreamkitchen lunch","value":"Dreamkitchen lunch","field":{"ID":3774,"key":"field_67e5b4c810e1c","label":"Formule (nom utilis\u00e9 en interne)","name":"formula_name_used_in-house","aria-label":"","prefix":"acf","type":"text","value":null,"menu_order":5,"instructions":"","required":0,"id":"","class":"","conditional_logic":0,"parent":721,"wrapper":{"width":"","class":"","id":""},"wpml_cf_preferences":2,"default_value":"","maxlength":"","allow_in_bindings":0,"placeholder":"KOOKMET R\u00c9CUP\u00c9RATION, REJOIGNEZ DREAMKITCHEN...","prepend":"","append":"","_name":"formula_name_used_in-house","_valid":1}},"testimonials":{"simple_value_formatted":"<p>\u00ab J'ai d\u00e9couvert DREAMKITCHEN un apr\u00e8s-midi et j'ai fini par partager un d\u00e9jeuner - et des rires - avec des inconnus qui sont devenus comme des amis \u00e0 la fin du repas. La nourriture \u00e9tait nourrissante dans tous les sens du terme : chaleureuse, savoureuse et pr\u00e9par\u00e9e avec tant de c\u0153ur. \u00bb<br \/>\n \u2014 Maya T., artiste locale<\/p>\n","value_formatted":"\u00ab J'ai d\u00e9couvert DREAMKITCHEN un apr\u00e8s-midi et j'ai fini par partager un d\u00e9jeuner - et des rires - avec des inconnus qui sont devenus comme des amis \u00e0 la fin du repas. La nourriture \u00e9tait nourrissante dans tous les sens du terme : chaleureuse, savoureuse et pr\u00e9par\u00e9e avec tant de c\u0153ur. \u00bb\n \u2014 Maya T., artiste locale","value":"\u00ab J'ai d\u00e9couvert DREAMKITCHEN un apr\u00e8s-midi et j'ai fini par partager un d\u00e9jeuner - et des rires - avec des inconnus qui sont devenus comme des amis \u00e0 la fin du repas. La nourriture \u00e9tait nourrissante dans tous les sens du terme : chaleureuse, savoureuse et pr\u00e9par\u00e9e avec tant de c\u0153ur. \u00bb\n \u2014 Maya T., artiste locale","field":{"ID":4977,"key":"field_680f4129c2d56","label":"T\u00e9moignages n\u00b01","name":"testimonials","aria-label":"","prefix":"acf","type":"textarea","value":null,"menu_order":6,"instructions":"","required":0,"id":"","class":"","conditional_logic":0,"parent":721,"wrapper":{"width":"30","class":"","id":""},"wpml_cf_preferences":2,"default_value":"","maxlength":"","allow_in_bindings":1,"rows":"","placeholder":"","new_lines":"wpautop","_name":"testimonials","_valid":1}},"testimonials_2":{"simple_value_formatted":"<p>\u00ab Il est rare de trouver un endroit qui donne l'impression d'\u00eatre chez soi d\u00e8s que l'on y arrive. DREAMKITCHEN ne se r\u00e9sume pas \u00e0 la nourriture - il s'agit de communaut\u00e9, de connexion et de tirer le meilleur parti de ce que nous avons d\u00e9j\u00e0. J'ai m\u00eame particip\u00e9 \u00e0 la cuisine la semaine derni\u00e8re, et ce fut le point culminant de mon mois ! \u00bb<br \/>\n \u2014 Liam D., b\u00e9n\u00e9vole communautaire<\/p>\n","value_formatted":"\u00ab Il est rare de trouver un endroit qui donne l'impression d'\u00eatre chez soi d\u00e8s que l'on y arrive. DREAMKITCHEN ne se r\u00e9sume pas \u00e0 la nourriture - il s'agit de communaut\u00e9, de connexion et de tirer le meilleur parti de ce que nous avons d\u00e9j\u00e0. J'ai m\u00eame particip\u00e9 \u00e0 la cuisine la semaine derni\u00e8re, et ce fut le point culminant de mon mois ! \u00bb\n \u2014 Liam D., b\u00e9n\u00e9vole communautaire","value":"\u00ab Il est rare de trouver un endroit qui donne l'impression d'\u00eatre chez soi d\u00e8s que l'on y arrive. DREAMKITCHEN ne se r\u00e9sume pas \u00e0 la nourriture - il s'agit de communaut\u00e9, de connexion et de tirer le meilleur parti de ce que nous avons d\u00e9j\u00e0. J'ai m\u00eame particip\u00e9 \u00e0 la cuisine la semaine derni\u00e8re, et ce fut le point culminant de mon mois ! \u00bb\n \u2014 Liam D., b\u00e9n\u00e9vole communautaire","field":{"ID":6056,"key":"field_682477ed672b7","label":"T\u00e9moignages n\u00b02","name":"testimonials_2","aria-label":"","prefix":"acf","type":"textarea","value":null,"menu_order":7,"instructions":"","required":0,"id":"","class":"","conditional_logic":0,"parent":721,"wrapper":{"width":"30","class":"","id":""},"wpml_cf_preferences":2,"default_value":"","maxlength":"","allow_in_bindings":1,"rows":"","placeholder":"","new_lines":"wpautop","_name":"testimonials_2","_valid":1}},"testimonials_3":{"simple_value_formatted":"<p>\u00ab Le d\u00e9jeuner v\u00e9g\u00e9tarien chez DREAMKITCHEN est toujours une surprise - dans le meilleur sens du terme. On ne sait jamais ce qui sera au menu, mais on est assur\u00e9 que ce sera frais, cr\u00e9atif et incroyablement savoureux. De plus, l'ambiance est incomparable. J'y vais pour la nourriture et j'y reste pour les gens. \u00bb<br \/>\n \u2014 Sophie R., \u00e9tudiante<\/p>\n","value_formatted":"\u00ab Le d\u00e9jeuner v\u00e9g\u00e9tarien chez DREAMKITCHEN est toujours une surprise - dans le meilleur sens du terme. On ne sait jamais ce qui sera au menu, mais on est assur\u00e9 que ce sera frais, cr\u00e9atif et incroyablement savoureux. De plus, l'ambiance est incomparable. J'y vais pour la nourriture et j'y reste pour les gens. \u00bb\n \u2014 Sophie R., \u00e9tudiante","value":"\u00ab Le d\u00e9jeuner v\u00e9g\u00e9tarien chez DREAMKITCHEN est toujours une surprise - dans le meilleur sens du terme. On ne sait jamais ce qui sera au menu, mais on est assur\u00e9 que ce sera frais, cr\u00e9atif et incroyablement savoureux. De plus, l'ambiance est incomparable. J'y vais pour la nourriture et j'y reste pour les gens. \u00bb\n \u2014 Sophie R., \u00e9tudiante","field":{"ID":6057,"key":"field_682477ec672b6","label":"T\u00e9moignages n\u00b03","name":"testimonials_3","aria-label":"","prefix":"acf","type":"textarea","value":null,"menu_order":8,"instructions":"","required":0,"id":"","class":"","conditional_logic":0,"parent":721,"wrapper":{"width":"30","class":"","id":""},"wpml_cf_preferences":2,"default_value":"","maxlength":"","allow_in_bindings":1,"rows":"","placeholder":"","new_lines":"wpautop","_name":"testimonials_3","_valid":1}}},"yoast_head":"<!-- This site is optimized with the Yoast SEO plugin v27.3 - https:\/\/yoast.com\/product\/yoast-seo-wordpress\/ -->\n<title>DREAMKITCHEN Lunch - BOUTIK by Cultureghem<\/title>\n<meta name=\"robots\" content=\"noindex, follow, max-snippet:-1, max-image-preview:large, max-video-preview:-1\" \/>\n<meta property=\"og:locale\" content=\"fr_FR\" \/>\n<meta property=\"og:type\" content=\"article\" \/>\n<meta property=\"og:title\" content=\"DREAMKITCHEN Lunch - BOUTIK by Cultureghem\" \/>\n<meta property=\"og:description\" content=\"Le restaurant solidaire et participatif. Une cuisine d\u00e9licieuse, saine et v\u00e9g\u00e9tarienne pour tous et toutes, pr\u00e9par\u00e9e dans notre cuisine ouverte.\" \/>\n<meta property=\"og:url\" content=\"https:\/\/boutik.cultureghem.be\/fr\/actions\/dejeuner-de-cuisine-de-reve\/\" \/>\n<meta property=\"og:site_name\" content=\"BOUTIK by Cultureghem\" \/>\n<meta property=\"article:publisher\" content=\"https:\/\/www.facebook.com\/cultureghem\/\" \/>\n<meta property=\"article:modified_time\" content=\"2025-06-25T14:32:24+00:00\" \/>\n<meta property=\"og:image\" content=\"https:\/\/boutik.cultureghem.be\/wp-content\/uploads\/2025\/02\/26062024-Cultureghem-\u00a9-Bea-Borgers\u00a9-Bea-Borgers-25-scaled.jpg\" \/>\n\t<meta property=\"og:image:width\" content=\"2048\" \/>\n\t<meta property=\"og:image:height\" content=\"1366\" \/>\n\t<meta property=\"og:image:type\" content=\"image\/jpeg\" \/>\n<meta name=\"twitter:card\" content=\"summary_large_image\" \/>\n<script type=\"application\/ld+json\" class=\"yoast-schema-graph\">{\"@context\":\"https:\\\/\\\/schema.org\",\"@graph\":[{\"@type\":\"WebPage\",\"@id\":\"https:\\\/\\\/boutik.cultureghem.be\\\/fr\\\/actions\\\/dejeuner-de-cuisine-de-reve\\\/\",\"url\":\"https:\\\/\\\/boutik.cultureghem.be\\\/fr\\\/actions\\\/dejeuner-de-cuisine-de-reve\\\/\",\"name\":\"DREAMKITCHEN Lunch - BOUTIK by Cultureghem\",\"isPartOf\":{\"@id\":\"https:\\\/\\\/boutik.cultureghem.be\\\/#website\"},\"primaryImageOfPage\":{\"@id\":\"https:\\\/\\\/boutik.cultureghem.be\\\/fr\\\/actions\\\/dejeuner-de-cuisine-de-reve\\\/#primaryimage\"},\"image\":{\"@id\":\"https:\\\/\\\/boutik.cultureghem.be\\\/fr\\\/actions\\\/dejeuner-de-cuisine-de-reve\\\/#primaryimage\"},\"thumbnailUrl\":\"https:\\\/\\\/boutik.cultureghem.be\\\/wp-content\\\/uploads\\\/2025\\\/02\\\/26062024-Cultureghem-\u00a9-Bea-Borgers\u00a9-Bea-Borgers-25-scaled.jpg\",\"datePublished\":\"2025-02-06T09:46:55+00:00\",\"dateModified\":\"2025-06-25T14:32:24+00:00\",\"breadcrumb\":{\"@id\":\"https:\\\/\\\/boutik.cultureghem.be\\\/fr\\\/actions\\\/dejeuner-de-cuisine-de-reve\\\/#breadcrumb\"},\"inLanguage\":\"fr-FR\",\"potentialAction\":[{\"@type\":\"ReadAction\",\"target\":[\"https:\\\/\\\/boutik.cultureghem.be\\\/fr\\\/actions\\\/dejeuner-de-cuisine-de-reve\\\/\"]}]},{\"@type\":\"ImageObject\",\"inLanguage\":\"fr-FR\",\"@id\":\"https:\\\/\\\/boutik.cultureghem.be\\\/fr\\\/actions\\\/dejeuner-de-cuisine-de-reve\\\/#primaryimage\",\"url\":\"https:\\\/\\\/boutik.cultureghem.be\\\/wp-content\\\/uploads\\\/2025\\\/02\\\/26062024-Cultureghem-\u00a9-Bea-Borgers\u00a9-Bea-Borgers-25-scaled.jpg\",\"contentUrl\":\"https:\\\/\\\/boutik.cultureghem.be\\\/wp-content\\\/uploads\\\/2025\\\/02\\\/26062024-Cultureghem-\u00a9-Bea-Borgers\u00a9-Bea-Borgers-25-scaled.jpg\",\"width\":2048,\"height\":1366},{\"@type\":\"BreadcrumbList\",\"@id\":\"https:\\\/\\\/boutik.cultureghem.be\\\/fr\\\/actions\\\/dejeuner-de-cuisine-de-reve\\\/#breadcrumb\",\"itemListElement\":[{\"@type\":\"ListItem\",\"position\":1,\"name\":\"Home\",\"item\":\"https:\\\/\\\/boutik.cultureghem.be\\\/fr\\\/boutique\\\/\"},{\"@type\":\"ListItem\",\"position\":2,\"name\":\"Catalogue\",\"item\":\"https:\\\/\\\/boutik.cultureghem.be\\\/fr\\\/catalogue\\\/\"},{\"@type\":\"ListItem\",\"position\":3,\"name\":\"DREAMKITCHEN Lunch\"}]},{\"@type\":\"WebSite\",\"@id\":\"https:\\\/\\\/boutik.cultureghem.be\\\/#website\",\"url\":\"https:\\\/\\\/boutik.cultureghem.be\\\/\",\"name\":\"BOUTIK by Cultureghem\",\"description\":\"Sharing our tools, resources, spaces and activities with everyone!\",\"publisher\":{\"@id\":\"https:\\\/\\\/boutik.cultureghem.be\\\/#organization\"},\"potentialAction\":[{\"@type\":\"SearchAction\",\"target\":{\"@type\":\"EntryPoint\",\"urlTemplate\":\"https:\\\/\\\/boutik.cultureghem.be\\\/?s={search_term_string}\"},\"query-input\":{\"@type\":\"PropertyValueSpecification\",\"valueRequired\":true,\"valueName\":\"search_term_string\"}}],\"inLanguage\":\"fr-FR\"},{\"@type\":\"Organization\",\"@id\":\"https:\\\/\\\/boutik.cultureghem.be\\\/#organization\",\"name\":\"BOUTIK by Cultureghem\",\"url\":\"https:\\\/\\\/boutik.cultureghem.be\\\/\",\"logo\":{\"@type\":\"ImageObject\",\"inLanguage\":\"fr-FR\",\"@id\":\"https:\\\/\\\/boutik.cultureghem.be\\\/#\\\/schema\\\/logo\\\/image\\\/\",\"url\":\"https:\\\/\\\/boutik.cultureghem.be\\\/wp-content\\\/uploads\\\/2025\\\/04\\\/logo-boutik-v3.svg\",\"contentUrl\":\"https:\\\/\\\/boutik.cultureghem.be\\\/wp-content\\\/uploads\\\/2025\\\/04\\\/logo-boutik-v3.svg\",\"caption\":\"BOUTIK by Cultureghem\"},\"image\":{\"@id\":\"https:\\\/\\\/boutik.cultureghem.be\\\/#\\\/schema\\\/logo\\\/image\\\/\"},\"sameAs\":[\"https:\\\/\\\/www.facebook.com\\\/cultureghem\\\/\",\"https:\\\/\\\/www.instagram.com\\\/cultureghem\\\/\",\"https:\\\/\\\/www.linkedin.com\\\/company\\\/cultureghem-vzw\\\/posts\\\/?feedView=all\"]}]}<\/script>\n<!-- \/ Yoast SEO plugin. -->","yoast_head_json":{"title":"DREAMKITCHEN Lunch - BOUTIK by Cultureghem","robots":{"index":"noindex","follow":"follow","max-snippet":"max-snippet:-1","max-image-preview":"max-image-preview:large","max-video-preview":"max-video-preview:-1"},"og_locale":"fr_FR","og_type":"article","og_title":"DREAMKITCHEN Lunch - BOUTIK by Cultureghem","og_description":"Le restaurant solidaire et participatif. Une cuisine d\u00e9licieuse, saine et v\u00e9g\u00e9tarienne pour tous et toutes, pr\u00e9par\u00e9e dans notre cuisine ouverte.","og_url":"https:\/\/boutik.cultureghem.be\/fr\/actions\/dejeuner-de-cuisine-de-reve\/","og_site_name":"BOUTIK by Cultureghem","article_publisher":"https:\/\/www.facebook.com\/cultureghem\/","article_modified_time":"2025-06-25T14:32:24+00:00","og_image":[{"width":2048,"height":1366,"url":"https:\/\/boutik.cultureghem.be\/wp-content\/uploads\/2025\/02\/26062024-Cultureghem-\u00a9-Bea-Borgers\u00a9-Bea-Borgers-25-scaled.jpg","type":"image\/jpeg"}],"twitter_card":"summary_large_image","schema":{"@context":"https:\/\/schema.org","@graph":[{"@type":"WebPage","@id":"https:\/\/boutik.cultureghem.be\/fr\/actions\/dejeuner-de-cuisine-de-reve\/","url":"https:\/\/boutik.cultureghem.be\/fr\/actions\/dejeuner-de-cuisine-de-reve\/","name":"DREAMKITCHEN Lunch - BOUTIK by Cultureghem","isPartOf":{"@id":"https:\/\/boutik.cultureghem.be\/#website"},"primaryImageOfPage":{"@id":"https:\/\/boutik.cultureghem.be\/fr\/actions\/dejeuner-de-cuisine-de-reve\/#primaryimage"},"image":{"@id":"https:\/\/boutik.cultureghem.be\/fr\/actions\/dejeuner-de-cuisine-de-reve\/#primaryimage"},"thumbnailUrl":"https:\/\/boutik.cultureghem.be\/wp-content\/uploads\/2025\/02\/26062024-Cultureghem-\u00a9-Bea-Borgers\u00a9-Bea-Borgers-25-scaled.jpg","datePublished":"2025-02-06T09:46:55+00:00","dateModified":"2025-06-25T14:32:24+00:00","breadcrumb":{"@id":"https:\/\/boutik.cultureghem.be\/fr\/actions\/dejeuner-de-cuisine-de-reve\/#breadcrumb"},"inLanguage":"fr-FR","potentialAction":[{"@type":"ReadAction","target":["https:\/\/boutik.cultureghem.be\/fr\/actions\/dejeuner-de-cuisine-de-reve\/"]}]},{"@type":"ImageObject","inLanguage":"fr-FR","@id":"https:\/\/boutik.cultureghem.be\/fr\/actions\/dejeuner-de-cuisine-de-reve\/#primaryimage","url":"https:\/\/boutik.cultureghem.be\/wp-content\/uploads\/2025\/02\/26062024-Cultureghem-\u00a9-Bea-Borgers\u00a9-Bea-Borgers-25-scaled.jpg","contentUrl":"https:\/\/boutik.cultureghem.be\/wp-content\/uploads\/2025\/02\/26062024-Cultureghem-\u00a9-Bea-Borgers\u00a9-Bea-Borgers-25-scaled.jpg","width":2048,"height":1366},{"@type":"BreadcrumbList","@id":"https:\/\/boutik.cultureghem.be\/fr\/actions\/dejeuner-de-cuisine-de-reve\/#breadcrumb","itemListElement":[{"@type":"ListItem","position":1,"name":"Home","item":"https:\/\/boutik.cultureghem.be\/fr\/boutique\/"},{"@type":"ListItem","position":2,"name":"Catalogue","item":"https:\/\/boutik.cultureghem.be\/fr\/catalogue\/"},{"@type":"ListItem","position":3,"name":"DREAMKITCHEN Lunch"}]},{"@type":"WebSite","@id":"https:\/\/boutik.cultureghem.be\/#website","url":"https:\/\/boutik.cultureghem.be\/","name":"BOUTIK by Cultureghem","description":"Sharing our tools, resources, spaces and activities with everyone!","publisher":{"@id":"https:\/\/boutik.cultureghem.be\/#organization"},"potentialAction":[{"@type":"SearchAction","target":{"@type":"EntryPoint","urlTemplate":"https:\/\/boutik.cultureghem.be\/?s={search_term_string}"},"query-input":{"@type":"PropertyValueSpecification","valueRequired":true,"valueName":"search_term_string"}}],"inLanguage":"fr-FR"},{"@type":"Organization","@id":"https:\/\/boutik.cultureghem.be\/#organization","name":"BOUTIK by Cultureghem","url":"https:\/\/boutik.cultureghem.be\/","logo":{"@type":"ImageObject","inLanguage":"fr-FR","@id":"https:\/\/boutik.cultureghem.be\/#\/schema\/logo\/image\/","url":"https:\/\/boutik.cultureghem.be\/wp-content\/uploads\/2025\/04\/logo-boutik-v3.svg","contentUrl":"https:\/\/boutik.cultureghem.be\/wp-content\/uploads\/2025\/04\/logo-boutik-v3.svg","caption":"BOUTIK by Cultureghem"},"image":{"@id":"https:\/\/boutik.cultureghem.be\/#\/schema\/logo\/image\/"},"sameAs":["https:\/\/www.facebook.com\/cultureghem\/","https:\/\/www.instagram.com\/cultureghem\/","https:\/\/www.linkedin.com\/company\/cultureghem-vzw\/posts\/?feedView=all"]}]}},"taxonomy_info":{"product_cat":[{"value":101,"label":"A Cultureghem"},{"value":131,"label":"Lunch"},{"value":119,"label":"Tout le monde"}],"activity_type":[{"value":143,"label":"Lunch"}],"audience_type":[{"value":187,"label":"Artiste"},{"value":180,"label":"Association"},{"value":169,"label":"\u00c9cole"},{"value":181,"label":"Entreprise"},{"value":175,"label":"Tout le monde"}],"location_type":[{"value":170,"label":"A Cultureghem"}]},"featured_image_src_large":["https:\/\/boutik.cultureghem.be\/wp-content\/uploads\/2025\/02\/26062024-Cultureghem-\u00a9-Bea-Borgers\u00a9-Bea-Borgers-25-1024x683.jpg",1024,683,true],"author_info":[],"comment_info":0,"mfb_rest_fields":["title","composite_virtual","composite_layout","composite_add_to_cart_form_location","composite_editable_in_cart","composite_sold_individually_context","composite_shop_price_calc","composite_components","composite_scenarios","exclude_global_add_ons","addons","yoast_head","yoast_head_json","taxonomy_info","featured_image_src_large","author_info","comment_info"],"_links":{"self":[{"href":"https:\/\/boutik.cultureghem.be\/fr\/wp-json\/wp\/v2\/product\/5119","targetHints":{"allow":["GET"]}}],"collection":[{"href":"https:\/\/boutik.cultureghem.be\/fr\/wp-json\/wp\/v2\/product"}],"about":[{"href":"https:\/\/boutik.cultureghem.be\/fr\/wp-json\/wp\/v2\/types\/product"}],"replies":[{"embeddable":true,"href":"https:\/\/boutik.cultureghem.be\/fr\/wp-json\/wp\/v2\/comments?post=5119"}],"wp:featuredmedia":[{"embeddable":true,"href":"https:\/\/boutik.cultureghem.be\/fr\/wp-json\/wp\/v2\/media\/4754"}],"wp:attachment":[{"href":"https:\/\/boutik.cultureghem.be\/fr\/wp-json\/wp\/v2\/media?parent=5119"}],"wp:term":[{"taxonomy":"product_brand","embeddable":true,"href":"https:\/\/boutik.cultureghem.be\/fr\/wp-json\/wp\/v2\/product_brand?post=5119"},{"taxonomy":"product_cat","embeddable":true,"href":"https:\/\/boutik.cultureghem.be\/fr\/wp-json\/wp\/v2\/product_cat?post=5119"},{"taxonomy":"product_tag","embeddable":true,"href":"https:\/\/boutik.cultureghem.be\/fr\/wp-json\/wp\/v2\/product_tag?post=5119"},{"taxonomy":"activity_type","embeddable":true,"href":"https:\/\/boutik.cultureghem.be\/fr\/wp-json\/wp\/v2\/activity_type?post=5119"},{"taxonomy":"audience_type","embeddable":true,"href":"https:\/\/boutik.cultureghem.be\/fr\/wp-json\/wp\/v2\/audience_type?post=5119"},{"taxonomy":"location_type","embeddable":true,"href":"https:\/\/boutik.cultureghem.be\/fr\/wp-json\/wp\/v2\/location_type?post=5119"}],"curies":[{"name":"wp","href":"https:\/\/api.w.org\/{rel}","templated":true}]}}