{"id":5143,"date":"2025-04-17T14:48:09","date_gmt":"2025-04-17T12:48:09","guid":{"rendered":"https:\/\/c-boutik-wp.projetfeudecamp.be\/actions\/vadrouille-food\/"},"modified":"2025-06-25T14:02:53","modified_gmt":"2025-06-25T12:02:53","slug":"vadrouille-food","status":"publish","type":"product","link":"https:\/\/boutik.cultureghem.be\/fr\/actions\/vadrouille-food\/","title":{"rendered":"VADROUILLE Food"},"content":{"rendered":"<p>Anime ton espace public avec une cuisine mobile ! Rassemble les gens autour de menus d\u00e9licieux pr\u00e9par\u00e9s avec nos b\u00e9n\u00e9voles. <\/p>\n","protected":false},"excerpt":{"rendered":"<p>Anime ton espace public avec une cuisine mobile ! Rassemble les gens autour de menus d\u00e9licieux pr\u00e9par\u00e9s avec nos b\u00e9n\u00e9voles. <\/p>\n","protected":false},"featured_media":4720,"comment_status":"closed","ping_status":"closed","template":"","meta":{"_acf_changed":false,"inline_featured_image":false,"_kad_blocks_custom_css":"","_kad_blocks_head_custom_js":"","_kad_blocks_body_custom_js":"","_kad_blocks_footer_custom_js":"","booking_product_name":"","_kad_post_transparent":"default","_kad_post_title":"","_kad_post_layout":"default","_kad_post_sidebar_id":"","_kad_post_content_style":"default","_kad_post_vertical_padding":"default","_kad_post_feature":"","_kad_post_feature_position":"","_kad_post_header":false,"_kad_post_footer":false},"product_brand":[],"product_cat":[114,122,119],"product_tag":[],"activity_type":[161],"audience_type":[187,180,169,175],"location_type":[176],"class_list":{"0":"post-5143","1":"product","2":"type-product","3":"status-publish","4":"has-post-thumbnail","6":"product_cat-ailleurs","7":"product_cat-active-ton-espace","8":"product_cat-tout-le-monde","9":"activity_type-active-ton-espace","10":"audience_type-artiste","11":"audience_type-association","12":"audience_type-ecole","13":"audience_type-tout-le-monde","14":"location_type-ailleurs","16":"first","17":"instock","18":"sold-individually","19":"taxable","20":"shipping-taxable","21":"purchasable","22":"product-type-booking","23":"entry","24":"content-bg","25":"loop-entry"},"composite_virtual":false,"composite_layout":"","composite_add_to_cart_form_location":"","composite_editable_in_cart":false,"composite_sold_individually_context":"","composite_shop_price_calc":"","composite_components":[],"composite_scenarios":[],"exclude_global_add_ons":true,"addons":[{"name":"Heure","type":"heading","position":0,"required":false,"title_format":"label","default":"","description_enable":true,"description":"Les heures s\u00e9lectionn\u00e9es sont donn\u00e9es \u00e0 titre indicatif. Merci de d\u00e9crire votre \u00e9v\u00e9nement dans l'encadr\u00e9 ci-dessous. ","placeholder_enable":false,"placeholder":null,"display":"select","restrictions_type":"any_text","adjust_price":false,"price":"","price_type":"flat_fee","restrictions":false,"min":"0","max":"0","options":[],"id":1749135377},{"name":"D\u00e9cris ton projet","type":"custom_textarea","position":1,"required":false,"title_format":"label","default":"","description_enable":false,"description":null,"placeholder_enable":false,"placeholder":null,"display":"select","restrictions_type":"any_text","adjust_price":false,"price":"","price_type":"flat_fee","restrictions":false,"min":"0","max":"0","options":[],"id":1749737638}],"mb":[],"acf":{"conditions_to_book":{"simple_value_formatted":"<p>\u2022 Prix : 300 \u20ac pour 4 heures<br \/>\n\u2022 + 150 \u20ac pour 4 heures suppl\u00e9mentaires (hors TVA)<br \/>\n\u2022 + prix des ingr\u00e9dients (selon le repas demand\u00e9)<br \/>\n\u2022 Les frais de transport d\u00e9pendent du lieu de l\u2019\u00e9v\u00e9nement<br \/>\n\u2022 Ton \u00e9v\u00e9nement doit \u00eatre accessible \u00e0 tous. Nous n\u2019animons pas d\u2019\u00e9v\u00e9nements priv\u00e9s.<\/p>\n<p>\u2022 La r\u00e9servation est \u00e0 la journ\u00e9e. Pour plusieurs jours, merci d\u2019ajouter chaque demande de journ\u00e9e au panier. <\/p>\n","value_formatted":"\u2022 Prix : 300 \u20ac pour 4 heures \n\u2022 + 150 \u20ac pour 4 heures suppl\u00e9mentaires (hors TVA)\n\u2022 + prix des ingr\u00e9dients (selon le repas demand\u00e9)\n\u2022 Les frais de transport d\u00e9pendent du lieu de l\u2019\u00e9v\u00e9nement\n\u2022 Ton \u00e9v\u00e9nement doit \u00eatre accessible \u00e0 tous. Nous n\u2019animons pas d\u2019\u00e9v\u00e9nements priv\u00e9s.<br><br> \n\u2022 La r\u00e9servation est \u00e0 la journ\u00e9e. Pour plusieurs jours, merci d\u2019ajouter chaque demande de journ\u00e9e au panier. ","value":"\u2022 Prix : 300 \u20ac pour 4 heures \n\u2022 + 150 \u20ac pour 4 heures suppl\u00e9mentaires (hors TVA)\n\u2022 + prix des ingr\u00e9dients (selon le repas demand\u00e9)\n\u2022 Les frais de transport d\u00e9pendent du lieu de l\u2019\u00e9v\u00e9nement\n\u2022 Ton \u00e9v\u00e9nement doit \u00eatre accessible \u00e0 tous. Nous n\u2019animons pas d\u2019\u00e9v\u00e9nements priv\u00e9s.<br><br> \n\u2022 La r\u00e9servation est \u00e0 la journ\u00e9e. Pour plusieurs jours, merci d\u2019ajouter chaque demande de journ\u00e9e au panier. ","field":{"ID":743,"key":"field_67a47f7f4189d","label":"Conditions et co\u00fbts","name":"conditions_to_book","aria-label":"","prefix":"acf","type":"textarea","value":null,"menu_order":0,"instructions":"","required":0,"id":"","class":"","conditional_logic":0,"parent":721,"wrapper":{"width":"20","class":"","id":""},"wpml_cf_preferences":2,"default_value":"","maxlength":"","allow_in_bindings":1,"rows":4,"placeholder":"","new_lines":"wpautop","_name":"conditions_to_book","_valid":1}},"faq":{"simple_value_formatted":"<p>\u2022 2 b\u00e9n\u00e9voles viennent avec la cuisine mobile et animent un petit atelier<br \/>\n\u2022 R\u00e9servation 2 semaines \u00e0 l\u2019avance<\/p>\n","value_formatted":"\u2022 2 b\u00e9n\u00e9voles viennent avec la cuisine mobile et animent un petit atelier\n\u2022 R\u00e9servation 2 semaines \u00e0 l\u2019avance","value":"\u2022 2 b\u00e9n\u00e9voles viennent avec la cuisine mobile et animent un petit atelier\n\u2022 R\u00e9servation 2 semaines \u00e0 l\u2019avance","field":{"ID":742,"key":"field_67a47f56414e8","label":"Informations utiles","name":"faq","aria-label":"","prefix":"acf","type":"textarea","value":null,"menu_order":1,"instructions":"","required":0,"id":"","class":"","conditional_logic":0,"parent":721,"wrapper":{"width":"20","class":"","id":""},"wpml_cf_preferences":2,"default_value":"","maxlength":"","allow_in_bindings":1,"rows":4,"placeholder":"","new_lines":"wpautop","_name":"faq","_valid":1}},"step_to_book":{"simple_value_formatted":"<p>1. Fais une demande de r\u00e9servation<br \/>\n2. Ta demande est examin\u00e9e par un membre de Cultureghem<br \/>\n3. En cas d\u2019approbation, nous t\u2019envoyons un devis<br \/>\n4. Une fois que tu l\u2019as sign\u00e9, ta r\u00e9servation est confirm\u00e9e !<br \/>\n5. Ton activit\u00e9 a lieu, profite bien !<br \/>\n6. Une fois ton activit\u00e9 termin\u00e9e, nous t\u2019envoyons la facture finale et tu pourras payer<\/p>\n","value_formatted":"1. Fais une demande de r\u00e9servation\n2. Ta demande est examin\u00e9e par un membre de Cultureghem\n3. En cas d\u2019approbation, nous t\u2019envoyons un devis\n4. Une fois que tu l\u2019as sign\u00e9, ta r\u00e9servation est confirm\u00e9e !\n5. Ton activit\u00e9 a lieu, profite bien !\n6. Une fois ton activit\u00e9 termin\u00e9e, nous t\u2019envoyons la facture finale et tu pourras payer","value":"1. Fais une demande de r\u00e9servation\n2. Ta demande est examin\u00e9e par un membre de Cultureghem\n3. En cas d\u2019approbation, nous t\u2019envoyons un devis\n4. Une fois que tu l\u2019as sign\u00e9, ta r\u00e9servation est confirm\u00e9e !\n5. Ton activit\u00e9 a lieu, profite bien !\n6. Une fois ton activit\u00e9 termin\u00e9e, nous t\u2019envoyons la facture finale et tu pourras payer","field":{"ID":746,"key":"field_67a4800f4b1d9","label":"Quelles sont les \u00e9tapes pour effectuer une r\u00e9servation","name":"step_to_book","aria-label":"","prefix":"acf","type":"textarea","value":null,"menu_order":2,"instructions":"","required":0,"id":"","class":"","conditional_logic":0,"parent":721,"wrapper":{"width":"20","class":"","id":""},"wpml_cf_preferences":2,"default_value":"","maxlength":"","allow_in_bindings":1,"rows":4,"placeholder":"","new_lines":"wpautop","_name":"step_to_book","_valid":1}},"Lien_vers_le_site_principal":{"simple_value_formatted":"https:\/\/cultureghem.be\/fr\/nos-actions\/space\/vadrouille\/","value_formatted":"https:\/\/cultureghem.be\/fr\/nos-actions\/space\/vadrouille\/","value":"https:\/\/cultureghem.be\/fr\/nos-actions\/space\/vadrouille\/","field":{"ID":722,"key":"field_67a4590c4c319","label":"Lien vers le site principal","name":"Lien_vers_le_site_principal","aria-label":"","prefix":"acf","type":"url","value":null,"menu_order":3,"instructions":"","required":0,"id":"","class":"","conditional_logic":0,"parent":721,"wrapper":{"width":"12","class":"","id":""},"wpml_cf_preferences":2,"default_value":"https:\/\/cultureghem.be\/","allow_in_bindings":1,"placeholder":"cultureghem.be","_name":"Lien_vers_le_site_principal","_valid":1}},"activity_name_used_in-house":{"simple_value_formatted":"Vadrouille FOOD","value_formatted":"Vadrouille FOOD","value":"Vadrouille FOOD","field":{"ID":3773,"key":"field_67e5b48c10e1b","label":"Nom de l'activit\u00e9 (utilis\u00e9 en interne)","name":"activity_name_used_in-house","aria-label":"","prefix":"acf","type":"text","value":null,"menu_order":4,"instructions":"","required":0,"id":"","class":"","conditional_logic":0,"parent":721,"wrapper":{"width":"","class":"","id":""},"wpml_cf_preferences":2,"default_value":"","maxlength":"","allow_in_bindings":0,"placeholder":"Kookmet, ketmet, dreamkitchen...","prepend":"","append":"","_name":"activity_name_used_in-house","_valid":1}},"formula_name_used_in-house":{"simple_value_formatted":"Cuisine mobile","value_formatted":"Cuisine mobile","value":"Cuisine mobile","field":{"ID":3774,"key":"field_67e5b4c810e1c","label":"Formule (nom utilis\u00e9 en interne)","name":"formula_name_used_in-house","aria-label":"","prefix":"acf","type":"text","value":null,"menu_order":5,"instructions":"","required":0,"id":"","class":"","conditional_logic":0,"parent":721,"wrapper":{"width":"","class":"","id":""},"wpml_cf_preferences":2,"default_value":"","maxlength":"","allow_in_bindings":0,"placeholder":"KOOKMET R\u00c9CUP\u00c9RATION, REJOIGNEZ DREAMKITCHEN...","prepend":"","append":"","_name":"formula_name_used_in-house","_valid":1}},"testimonials":{"simple_value_formatted":"<p>Bient\u00f4t disponible<\/p>\n","value_formatted":"Bient\u00f4t disponible","value":"Bient\u00f4t disponible","field":{"ID":4977,"key":"field_680f4129c2d56","label":"T\u00e9moignages n\u00b01","name":"testimonials","aria-label":"","prefix":"acf","type":"textarea","value":null,"menu_order":6,"instructions":"","required":0,"id":"","class":"","conditional_logic":0,"parent":721,"wrapper":{"width":"30","class":"","id":""},"wpml_cf_preferences":2,"default_value":"","maxlength":"","allow_in_bindings":1,"rows":"","placeholder":"","new_lines":"wpautop","_name":"testimonials","_valid":1}},"testimonials_2":{"simple_value_formatted":"","value_formatted":"","value":"","field":{"ID":6056,"key":"field_682477ed672b7","label":"T\u00e9moignages n\u00b02","name":"testimonials_2","aria-label":"","prefix":"acf","type":"textarea","value":null,"menu_order":7,"instructions":"","required":0,"id":"","class":"","conditional_logic":0,"parent":721,"wrapper":{"width":"30","class":"","id":""},"wpml_cf_preferences":2,"default_value":"","maxlength":"","allow_in_bindings":1,"rows":"","placeholder":"","new_lines":"wpautop","_name":"testimonials_2","_valid":1}},"testimonials_3":{"simple_value_formatted":"","value_formatted":"","value":"","field":{"ID":6057,"key":"field_682477ec672b6","label":"T\u00e9moignages n\u00b03","name":"testimonials_3","aria-label":"","prefix":"acf","type":"textarea","value":null,"menu_order":8,"instructions":"","required":0,"id":"","class":"","conditional_logic":0,"parent":721,"wrapper":{"width":"30","class":"","id":""},"wpml_cf_preferences":2,"default_value":"","maxlength":"","allow_in_bindings":1,"rows":"","placeholder":"","new_lines":"wpautop","_name":"testimonials_3","_valid":1}}},"taxonomy_info":{"product_cat":[{"value":114,"label":"Ailleurs"},{"value":122,"label":"Animer ton espace"},{"value":119,"label":"Tout le monde"}],"activity_type":[{"value":161,"label":"Active ton espace"}],"audience_type":[{"value":187,"label":"Artiste"},{"value":180,"label":"Association"},{"value":169,"label":"\u00c9cole"},{"value":175,"label":"Tout le monde"}],"location_type":[{"value":176,"label":"Ailleurs"}]},"featured_image_src_large":["https:\/\/boutik.cultureghem.be\/wp-content\/uploads\/2025\/04\/IMG_2065-768x1024.jpg",768,1024,true],"author_info":[],"comment_info":0,"mfb_rest_fields":["title","composite_virtual","composite_layout","composite_add_to_cart_form_location","composite_editable_in_cart","composite_sold_individually_context","composite_shop_price_calc","composite_components","composite_scenarios","exclude_global_add_ons","addons","taxonomy_info","featured_image_src_large","author_info","comment_info"],"_links":{"self":[{"href":"https:\/\/boutik.cultureghem.be\/fr\/wp-json\/wp\/v2\/product\/5143","targetHints":{"allow":["GET"]}}],"collection":[{"href":"https:\/\/boutik.cultureghem.be\/fr\/wp-json\/wp\/v2\/product"}],"about":[{"href":"https:\/\/boutik.cultureghem.be\/fr\/wp-json\/wp\/v2\/types\/product"}],"replies":[{"embeddable":true,"href":"https:\/\/boutik.cultureghem.be\/fr\/wp-json\/wp\/v2\/comments?post=5143"}],"wp:featuredmedia":[{"embeddable":true,"href":"https:\/\/boutik.cultureghem.be\/fr\/wp-json\/wp\/v2\/media\/4720"}],"wp:attachment":[{"href":"https:\/\/boutik.cultureghem.be\/fr\/wp-json\/wp\/v2\/media?parent=5143"}],"wp:term":[{"taxonomy":"product_brand","embeddable":true,"href":"https:\/\/boutik.cultureghem.be\/fr\/wp-json\/wp\/v2\/product_brand?post=5143"},{"taxonomy":"product_cat","embeddable":true,"href":"https:\/\/boutik.cultureghem.be\/fr\/wp-json\/wp\/v2\/product_cat?post=5143"},{"taxonomy":"product_tag","embeddable":true,"href":"https:\/\/boutik.cultureghem.be\/fr\/wp-json\/wp\/v2\/product_tag?post=5143"},{"taxonomy":"activity_type","embeddable":true,"href":"https:\/\/boutik.cultureghem.be\/fr\/wp-json\/wp\/v2\/activity_type?post=5143"},{"taxonomy":"audience_type","embeddable":true,"href":"https:\/\/boutik.cultureghem.be\/fr\/wp-json\/wp\/v2\/audience_type?post=5143"},{"taxonomy":"location_type","embeddable":true,"href":"https:\/\/boutik.cultureghem.be\/fr\/wp-json\/wp\/v2\/location_type?post=5143"}],"curies":[{"name":"wp","href":"https:\/\/api.w.org\/{rel}","templated":true}]}}