{"id":5144,"date":"2025-04-17T14:48:09","date_gmt":"2025-04-17T12:48:09","guid":{"rendered":"https:\/\/c-boutik-wp.projetfeudecamp.be\/actions\/vadrouille-voedsel\/"},"modified":"2025-06-25T14:00:10","modified_gmt":"2025-06-25T12:00:10","slug":"vadrouille-voedsel","status":"publish","type":"product","link":"https:\/\/boutik.cultureghem.be\/nl\/acties\/vadrouille-voedsel\/","title":{"rendered":"VADROUILLE Food"},"content":{"rendered":"<p>Breng je openbare ruimte tot leven met een mobiele keuken! Maak lekker eten klaar met onze vrijwilligers om mensen samen te brengen. <\/p>\n","protected":false},"excerpt":{"rendered":"<p>Geef je openbare ruimte een boost met een mobiele keuken! Maak lekker eten klaar met onze vrijwilligers om mensen bij elkaar te brengen. <\/p>\n","protected":false},"featured_media":4719,"comment_status":"closed","ping_status":"closed","template":"","meta":{"_acf_changed":false,"inline_featured_image":false,"_kad_blocks_custom_css":"","_kad_blocks_head_custom_js":"","_kad_blocks_body_custom_js":"","_kad_blocks_footer_custom_js":"","booking_product_name":"","_kad_post_transparent":"default","_kad_post_title":"","_kad_post_layout":"default","_kad_post_sidebar_id":"","_kad_post_content_style":"default","_kad_post_vertical_padding":"default","_kad_post_feature":"","_kad_post_feature_position":"","_kad_post_header":false,"_kad_post_footer":false},"product_brand":[],"product_cat":[110,109,117],"product_tag":[],"activity_type":[174],"audience_type":[167,189,184,172],"location_type":[168],"class_list":{"0":"post-5144","1":"product","2":"type-product","3":"status-publish","4":"has-post-thumbnail","6":"product_cat-actieveer-een-plek","7":"product_cat-elders","8":"product_cat-iedereen","9":"activity_type-activeer-je-plek","10":"audience_type-iedereen","11":"audience_type-kunstenaar","12":"audience_type-non-profit-nl","13":"audience_type-school-nl","14":"location_type-elders","16":"first","17":"instock","18":"sold-individually","19":"taxable","20":"shipping-taxable","21":"purchasable","22":"product-type-booking","23":"entry","24":"content-bg","25":"loop-entry"},"composite_virtual":false,"composite_layout":"","composite_add_to_cart_form_location":"","composite_editable_in_cart":false,"composite_sold_individually_context":"","composite_shop_price_calc":"","composite_components":[],"composite_scenarios":[],"exclude_global_add_ons":true,"addons":[{"name":"Tijd","type":"heading","position":0,"required":false,"title_format":"label","default":"","description_enable":true,"description":"De geselecteerde uren zijn indicatief. Beschrijf je evenement in het vakje hieronder. ","placeholder_enable":false,"placeholder":null,"display":"select","restrictions_type":"any_text","adjust_price":false,"price":"","price_type":"flat_fee","restrictions":false,"min":"0","max":"0","options":[],"id":1749135377},{"name":"Beschrijf je project","type":"custom_textarea","position":1,"required":false,"title_format":"label","default":"","description_enable":false,"description":null,"placeholder_enable":false,"placeholder":null,"display":"select","restrictions_type":"any_text","adjust_price":false,"price":"","price_type":"flat_fee","restrictions":false,"min":"0","max":"0","options":[],"id":1749737638}],"mb":[],"acf":{"conditions_to_book":{"simple_value_formatted":"<p>\u2022 vast tarief: \u20ac300 voor 4 uur<br \/>\n\u2022 + \u20ac150 voor extra 4 uur (excl. btw)<br \/>\n\u2022 + kostprijs van ingredi\u00ebnten (afhankelijk van het gekozen menu)<br \/>\n\u2022 Vervoerskosten hangen af van de locatie<br \/>\n\u2022 Je evenement moet toegankelijk zijn voor iedereen. We doen geen priv\u00e9-evenementen.<br \/>\n\u2022 E\u00e9n boeking voor \u00e9\u00e9n dag. Wil je meerdere dagen? Voeg dan elke dag apart toe aan je winkelmandje. <\/p>\n","value_formatted":"\u2022 vast tarief: \u20ac300 voor 4 uur \n\u2022 + \u20ac150 voor extra 4 uur (excl. btw)\n\u2022 + kostprijs van ingredi\u00ebnten (afhankelijk van het gekozen menu)\n\u2022 Vervoerskosten hangen af van de locatie\n\u2022 Je evenement moet toegankelijk zijn voor iedereen. We doen geen priv\u00e9-evenementen. \n\u2022 E\u00e9n boeking voor \u00e9\u00e9n dag. Wil je meerdere dagen? Voeg dan elke dag apart toe aan je winkelmandje. ","value":"\u2022 vast tarief: \u20ac300 voor 4 uur \n\u2022 + \u20ac150 voor extra 4 uur (excl. btw)\n\u2022 + kostprijs van ingredi\u00ebnten (afhankelijk van het gekozen menu)\n\u2022 Vervoerskosten hangen af van de locatie\n\u2022 Je evenement moet toegankelijk zijn voor iedereen. We doen geen priv\u00e9-evenementen. \n\u2022 E\u00e9n boeking voor \u00e9\u00e9n dag. Wil je meerdere dagen? Voeg dan elke dag apart toe aan je winkelmandje. ","field":{"ID":743,"key":"field_67a47f7f4189d","label":"Voorwaarden en kosten","name":"conditions_to_book","aria-label":"","prefix":"acf","type":"textarea","value":null,"menu_order":0,"instructions":"","required":0,"id":"","class":"","conditional_logic":0,"parent":721,"wrapper":{"width":"20","class":"","id":""},"wpml_cf_preferences":2,"default_value":"","maxlength":"","allow_in_bindings":1,"rows":4,"placeholder":"","new_lines":"wpautop","_name":"conditions_to_book","_valid":1}},"faq":{"simple_value_formatted":"<p>\u2022 2 vrijwilligers komen met de mobiele keuken en geven een kleine workshop<br \/>\n\u2022 Boek minstens 2 weken op voorhand.<\/p>\n","value_formatted":"\u2022 2 vrijwilligers komen met de mobiele keuken en geven een kleine workshop\n\u2022 Boek minstens 2 weken op voorhand.","value":"\u2022 2 vrijwilligers komen met de mobiele keuken en geven een kleine workshop\n\u2022 Boek minstens 2 weken op voorhand.","field":{"ID":742,"key":"field_67a47f56414e8","label":"Handige info","name":"faq","aria-label":"","prefix":"acf","type":"textarea","value":null,"menu_order":1,"instructions":"","required":0,"id":"","class":"","conditional_logic":0,"parent":721,"wrapper":{"width":"20","class":"","id":""},"wpml_cf_preferences":2,"default_value":"","maxlength":"","allow_in_bindings":1,"rows":4,"placeholder":"","new_lines":"wpautop","_name":"faq","_valid":1}},"step_to_book":{"simple_value_formatted":"<p>1. Vraag een boeking aan via deze pagina.<br \/>\n2. Je aanvraag wordt bekeken door iemand bij Cultureghem.<br \/>\n3. Bij goedkeuring krijg je een offerte.<br \/>\n4. Zodra je getekend hebt, is je boeking bevestigd!<br \/>\n5. Je activiteit vindt plaats, geniet ervan!<br \/>\n6. Na je activiteit sturen we je de eindafrekening en kun je betalen.<\/p>\n","value_formatted":"1. Vraag een boeking aan via deze pagina.\n2. Je aanvraag wordt bekeken door iemand bij Cultureghem.\n3. Bij goedkeuring krijg je een offerte.\n4. Zodra je getekend hebt, is je boeking bevestigd!\n5. Je activiteit vindt plaats, geniet ervan!\n6. Na je activiteit sturen we je de eindafrekening en kun je betalen.","value":"1. Vraag een boeking aan via deze pagina.\n2. Je aanvraag wordt bekeken door iemand bij Cultureghem.\n3. Bij goedkeuring krijg je een offerte.\n4. Zodra je getekend hebt, is je boeking bevestigd!\n5. Je activiteit vindt plaats, geniet ervan!\n6. Na je activiteit sturen we je de eindafrekening en kun je betalen.","field":{"ID":746,"key":"field_67a4800f4b1d9","label":"Hoe reserveer je?","name":"step_to_book","aria-label":"","prefix":"acf","type":"textarea","value":null,"menu_order":2,"instructions":"","required":0,"id":"","class":"","conditional_logic":0,"parent":721,"wrapper":{"width":"20","class":"","id":""},"wpml_cf_preferences":2,"default_value":"","maxlength":"","allow_in_bindings":1,"rows":4,"placeholder":"","new_lines":"wpautop","_name":"step_to_book","_valid":1}},"Lien_vers_le_site_principal":{"simple_value_formatted":"https:\/\/cultureghem.be\/nl\/aanbod\/space\/vadrouille\/","value_formatted":"https:\/\/cultureghem.be\/nl\/aanbod\/space\/vadrouille\/","value":"https:\/\/cultureghem.be\/nl\/aanbod\/space\/vadrouille\/","field":{"ID":722,"key":"field_67a4590c4c319","label":"Lien vers le site principal","name":"Lien_vers_le_site_principal","aria-label":"","prefix":"acf","type":"url","value":null,"menu_order":3,"instructions":"","required":0,"id":"","class":"","conditional_logic":0,"parent":721,"wrapper":{"width":"12","class":"","id":""},"wpml_cf_preferences":2,"default_value":"https:\/\/cultureghem.be\/","allow_in_bindings":1,"placeholder":"cultureghem.be","_name":"Lien_vers_le_site_principal","_valid":1}},"activity_name_used_in-house":{"simple_value_formatted":"Vadrouille FOOD","value_formatted":"Vadrouille FOOD","value":"Vadrouille FOOD","field":{"ID":3773,"key":"field_67e5b48c10e1b","label":"Activiteitsnaam (intern gebruikt)","name":"activity_name_used_in-house","aria-label":"","prefix":"acf","type":"text","value":null,"menu_order":4,"instructions":"","required":0,"id":"","class":"","conditional_logic":0,"parent":721,"wrapper":{"width":"","class":"","id":""},"wpml_cf_preferences":2,"default_value":"","maxlength":"","allow_in_bindings":0,"placeholder":"Kookmet, ketmet, dreamkitchen...","prepend":"","append":"","_name":"activity_name_used_in-house","_valid":1}},"formula_name_used_in-house":{"simple_value_formatted":"Mobiele keuken","value_formatted":"Mobiele keuken","value":"Mobiele keuken","field":{"ID":3774,"key":"field_67e5b4c810e1c","label":"Formule (intern gebruikte naam)","name":"formula_name_used_in-house","aria-label":"","prefix":"acf","type":"text","value":null,"menu_order":5,"instructions":"","required":0,"id":"","class":"","conditional_logic":0,"parent":721,"wrapper":{"width":"","class":"","id":""},"wpml_cf_preferences":2,"default_value":"","maxlength":"","allow_in_bindings":0,"placeholder":"KOOKMET RECUP, DOE MEE MET DREAMKITCHEN...","prepend":"","append":"","_name":"formula_name_used_in-house","_valid":1}},"testimonials":{"simple_value_formatted":"<p>Komt eraan<\/p>\n","value_formatted":"Komt eraan","value":"Komt eraan","field":{"ID":4977,"key":"field_680f4129c2d56","label":"Recensies #1","name":"testimonials","aria-label":"","prefix":"acf","type":"textarea","value":null,"menu_order":6,"instructions":"","required":0,"id":"","class":"","conditional_logic":0,"parent":721,"wrapper":{"width":"30","class":"","id":""},"wpml_cf_preferences":2,"default_value":"","maxlength":"","allow_in_bindings":1,"rows":"","placeholder":"","new_lines":"wpautop","_name":"testimonials","_valid":1}},"testimonials_2":{"simple_value_formatted":"","value_formatted":"","value":"","field":{"ID":6056,"key":"field_682477ed672b7","label":"Recensies #2","name":"testimonials_2","aria-label":"","prefix":"acf","type":"textarea","value":null,"menu_order":7,"instructions":"","required":0,"id":"","class":"","conditional_logic":0,"parent":721,"wrapper":{"width":"30","class":"","id":""},"wpml_cf_preferences":2,"default_value":"","maxlength":"","allow_in_bindings":1,"rows":"","placeholder":"","new_lines":"wpautop","_name":"testimonials_2","_valid":1}},"testimonials_3":{"simple_value_formatted":"","value_formatted":"","value":"","field":{"ID":6057,"key":"field_682477ec672b6","label":"Recensies #3","name":"testimonials_3","aria-label":"","prefix":"acf","type":"textarea","value":null,"menu_order":8,"instructions":"","required":0,"id":"","class":"","conditional_logic":0,"parent":721,"wrapper":{"width":"30","class":"","id":""},"wpml_cf_preferences":2,"default_value":"","maxlength":"","allow_in_bindings":1,"rows":"","placeholder":"","new_lines":"wpautop","_name":"testimonials_3","_valid":1}}},"taxonomy_info":{"product_cat":[{"value":110,"label":"Activeer een plek"},{"value":109,"label":"Elders"},{"value":117,"label":"Iedereen"}],"activity_type":[{"value":174,"label":"Activeer je plek"}],"audience_type":[{"value":167,"label":"Iedereen"},{"value":189,"label":"Kunstenaar"},{"value":184,"label":"Non-profit"},{"value":172,"label":"School"}],"location_type":[{"value":168,"label":"Elders"}]},"featured_image_src_large":["https:\/\/boutik.cultureghem.be\/wp-content\/uploads\/2025\/04\/IMG_2065-768x1024.jpg",768,1024,true],"author_info":[],"comment_info":0,"mfb_rest_fields":["title","composite_virtual","composite_layout","composite_add_to_cart_form_location","composite_editable_in_cart","composite_sold_individually_context","composite_shop_price_calc","composite_components","composite_scenarios","exclude_global_add_ons","addons","taxonomy_info","featured_image_src_large","author_info","comment_info"],"_links":{"self":[{"href":"https:\/\/boutik.cultureghem.be\/nl\/wp-json\/wp\/v2\/product\/5144","targetHints":{"allow":["GET"]}}],"collection":[{"href":"https:\/\/boutik.cultureghem.be\/nl\/wp-json\/wp\/v2\/product"}],"about":[{"href":"https:\/\/boutik.cultureghem.be\/nl\/wp-json\/wp\/v2\/types\/product"}],"replies":[{"embeddable":true,"href":"https:\/\/boutik.cultureghem.be\/nl\/wp-json\/wp\/v2\/comments?post=5144"}],"wp:featuredmedia":[{"embeddable":true,"href":"https:\/\/boutik.cultureghem.be\/nl\/wp-json\/wp\/v2\/media\/4719"}],"wp:attachment":[{"href":"https:\/\/boutik.cultureghem.be\/nl\/wp-json\/wp\/v2\/media?parent=5144"}],"wp:term":[{"taxonomy":"product_brand","embeddable":true,"href":"https:\/\/boutik.cultureghem.be\/nl\/wp-json\/wp\/v2\/product_brand?post=5144"},{"taxonomy":"product_cat","embeddable":true,"href":"https:\/\/boutik.cultureghem.be\/nl\/wp-json\/wp\/v2\/product_cat?post=5144"},{"taxonomy":"product_tag","embeddable":true,"href":"https:\/\/boutik.cultureghem.be\/nl\/wp-json\/wp\/v2\/product_tag?post=5144"},{"taxonomy":"activity_type","embeddable":true,"href":"https:\/\/boutik.cultureghem.be\/nl\/wp-json\/wp\/v2\/activity_type?post=5144"},{"taxonomy":"audience_type","embeddable":true,"href":"https:\/\/boutik.cultureghem.be\/nl\/wp-json\/wp\/v2\/audience_type?post=5144"},{"taxonomy":"location_type","embeddable":true,"href":"https:\/\/boutik.cultureghem.be\/nl\/wp-json\/wp\/v2\/location_type?post=5144"}],"curies":[{"name":"wp","href":"https:\/\/api.w.org\/{rel}","templated":true}]}}